{"id":893,"date":"2022-04-07T11:28:17","date_gmt":"2022-04-07T09:28:17","guid":{"rendered":"https:\/\/tiptopeurope.com\/faq\/"},"modified":"2023-03-15T12:20:15","modified_gmt":"2023-03-15T11:20:15","slug":"faq","status":"publish","type":"page","link":"https:\/\/tiptopeurope.com\/en\/faq\/","title":{"rendered":"Q&amp;A"},"content":{"rendered":"\n<p>Do you have a question about TipTop products? Here you will find answers to the most frequently asked questions.<\/p>\n\n<p>No answer to your question ? Contact us !<\/p>\n\n<div style=\"height:50px\" aria-hidden=\"true\" class=\"wp-block-spacer\"><\/div>\n\n<h2 class=\"text-uppercase wp-block-heading\" id=\"trailers-mini-caravanes\">Mini-caravans<\/h2>\n\n<div style=\"height:25px\" aria-hidden=\"true\" class=\"wp-block-spacer\"><\/div>\n\n<em>Available in France.<\/em>\r\n\r\n<div class=\"schema-faq wp-block-yoast-faq-block\"><div class=\"schema-faq-section\" id=\"faq-question-1637164121158\"><strong class=\"schema-faq-question\"> What is the difference between your two mini-caravan models Evolution and Original? <\/strong> <p class=\"schema-faq-answer\"> The Original model is a mini-caravan with maximum comfort thanks to its cabin converted into a bedroom and its integrated kitchen, while the Evolution model offers unequalled modularity thanks to its volume of 5.2m3 and the various layout kit.<\/p> <\/div> <div class=\"schema-faq-section\" id=\"faq-question-1637164143814\"><strong class=\"schema-faq-question\"> What is the GVWR (Gross Vehicle Weight Rating) of your mini-caravans?<\/strong> <p class=\"schema-faq-answer\"> The Evolution model has a maximum weight of 750kg while the Original model has a maximum weight of 900kg. The GVWR can be changed to suit your use.<\/p> <\/div> <div class=\"schema-faq-section\" id=\"faq-question-1643620283422\"><strong class=\"schema-faq-question\"> What licence is needed to tow a TipTop?<\/strong> <p class=\"schema-faq-answer\"> To answer this question, you need to add the GVW of your towing vehicle to that of your mini-caravan.<br \/> If the total is less than 3500kg, your B licence is sufficient.<br \/>If the total is between 3501 and 4250kg, you must follow a B96 training course in addition to your B licence (a one-day course in France).<br \/> If the total is over 4251kg, you need a BE licence (in France). <\/p> <\/div> <div class=\"schema-faq-section\" id=\"faq-question-1643620456437\"><strong class=\"schema-faq-question\"> Do I need a vehicle registration document?<\/strong> <p class=\"schema-faq-answer\"> Yes, all trailers over 500kg must be registered.<\/p> <\/div> <div class=\"schema-faq-section\" id=\"faq-question-1648646368553\"><strong class=\"schema-faq-question\"> Is a technical inspection necessary ? <\/strong> <p class=\"schema-faq-answer\"> No, as the vehicle is not motorised, no technical inspection is required.<\/p> <\/div> <div class=\"schema-faq-section\" id=\"faq-question-1648646437793\"><strong class=\"schema-faq-question\"> Which car to tow a TipTop?<\/strong> <p class=\"schema-faq-answer\"> The vehicle to be towed must have an approved towing weight (mentioned on the vehicle registration document); most vehicles can tow a TipTop.<\/p> <\/div> <div class=\"schema-faq-section\" id=\"faq-question-1648646507307\"><strong class=\"schema-faq-question\"> Which carriage to choose?<\/strong> <p class=\"schema-faq-answer\"> You must equip your vehicle with a towball positioned at least 40cm high with a 13-pin socket to be able to benefit from all the functions provided (recharging the battery while driving, etc.)<\/p> <\/div> <div class=\"schema-faq-section\" id=\"faq-question-1648646625087\"><strong class=\"schema-faq-question\"> Do I need insurance for my TipTop?<\/strong> <p class=\"schema-faq-answer\"> Insurance is compulsory for your TipTop. The mini-caravan is considered a vehicle in its own right, and the insurance will depend on its weight and use. The Insurance Code requires at least a &#8220;civil liability&#8221; insurance, even if your caravan stays in the garage all year round.<br \/> Depending on its GVW, your caravan will require different insurance: <br \/> If the GVWR is less than 750 kg (Evolution RT or GT without roof tent), the caravan will be <strong> covered by your car insurance <\/strong>.<br \/> For a GVW of more than 750kg (Original, Evolution XT or other finish with a roof tent), your caravan insurance will be <strong>independent<\/strong> of your car insurance.<\/p> <\/div> <div class=\"schema-faq-section\" id=\"faq-question-1648646858608\"><strong class=\"schema-faq-question\"> Where to see a TipTop ?<\/strong> <p class=\"schema-faq-answer\"> Several possibilities :<br \/>&#8211; At our head office: La Gacilly (56) <br \/>&#8211; In our production plant: Le Mans (72)<br \/>&#8211; At a trade fair (don&#8217;t hesitate to follow us on social networks to see the next trade fairs) <br \/>&#8211; At one of our ambassadors <\/p> <\/div> <\/div>\r\n\r\n\n<p><\/p>\n","protected":false},"excerpt":{"rendered":"<p>Do you have a question about TipTop products? Here you will find answers to the most frequently asked questions. No answer to your question ? Contact us ! Mini-caravans<\/p>\n","protected":false},"author":1,"featured_media":0,"parent":0,"menu_order":70,"comment_status":"closed","ping_status":"closed","template":"","meta":{"_acf_changed":false,"footnotes":""},"class_list":["post-893","page","type-page","status-publish","hentry"],"acf":[],"yoast_head":"<!-- This site is optimized with the Yoast SEO plugin v27.4 - https:\/\/yoast.com\/product\/yoast-seo-wordpress\/ -->\n<title>Q&amp;A - TipTop Europe<\/title>\n<meta name=\"description\" content=\"Find the answers to many questions. If you don&#039;t find what you&#039;re looking for, don&#039;t hesitate to contact us!\" \/>\n<meta name=\"robots\" content=\"index, follow, max-snippet:-1, max-image-preview:large, max-video-preview:-1\" \/>\n<link rel=\"canonical\" href=\"https:\/\/tiptopeurope.com\/en\/faq\/\" \/>\n<meta property=\"og:locale\" content=\"en_US\" \/>\n<meta property=\"og:type\" content=\"article\" \/>\n<meta property=\"og:title\" content=\"Q&amp;A - TipTop Europe\" \/>\n<meta property=\"og:description\" content=\"Find the answers to many questions. If you don&#039;t find what you&#039;re looking for, don&#039;t hesitate to contact us!\" \/>\n<meta property=\"og:url\" content=\"https:\/\/tiptopeurope.com\/en\/faq\/\" \/>\n<meta property=\"og:site_name\" content=\"TipTop Europe\" \/>\n<meta property=\"article:modified_time\" content=\"2023-03-15T11:20:15+00:00\" \/>\n<meta name=\"twitter:card\" content=\"summary_large_image\" \/>\n<meta name=\"twitter:label1\" content=\"Est. reading time\" \/>\n\t<meta name=\"twitter:data1\" content=\"2 minutes\" \/>\n<script type=\"application\/ld+json\" class=\"yoast-schema-graph\">{\"@context\":\"https:\\\/\\\/schema.org\",\"@graph\":[{\"@type\":[\"WebPage\",\"FAQPage\"],\"@id\":\"https:\\\/\\\/tiptopeurope.com\\\/en\\\/faq\\\/\",\"url\":\"https:\\\/\\\/tiptopeurope.com\\\/en\\\/faq\\\/\",\"name\":\"Q&amp;A - TipTop Europe\",\"isPartOf\":{\"@id\":\"https:\\\/\\\/tiptopeurope.com\\\/en\\\/#website\"},\"datePublished\":\"2022-04-07T09:28:17+00:00\",\"dateModified\":\"2023-03-15T11:20:15+00:00\",\"description\":\"Find the answers to many questions. If you don't find what you're looking for, don't hesitate to contact us!\",\"breadcrumb\":{\"@id\":\"https:\\\/\\\/tiptopeurope.com\\\/en\\\/faq\\\/#breadcrumb\"},\"mainEntity\":[{\"@id\":\"https:\\\/\\\/tiptopeurope.com\\\/en\\\/faq\\\/#faq-question-1637164121158\"},{\"@id\":\"https:\\\/\\\/tiptopeurope.com\\\/en\\\/faq\\\/#faq-question-1637164143814\"},{\"@id\":\"https:\\\/\\\/tiptopeurope.com\\\/en\\\/faq\\\/#faq-question-1643620283422\"},{\"@id\":\"https:\\\/\\\/tiptopeurope.com\\\/en\\\/faq\\\/#faq-question-1643620456437\"},{\"@id\":\"https:\\\/\\\/tiptopeurope.com\\\/en\\\/faq\\\/#faq-question-1648646368553\"},{\"@id\":\"https:\\\/\\\/tiptopeurope.com\\\/en\\\/faq\\\/#faq-question-1648646437793\"},{\"@id\":\"https:\\\/\\\/tiptopeurope.com\\\/en\\\/faq\\\/#faq-question-1648646507307\"},{\"@id\":\"https:\\\/\\\/tiptopeurope.com\\\/en\\\/faq\\\/#faq-question-1648646625087\"},{\"@id\":\"https:\\\/\\\/tiptopeurope.com\\\/en\\\/faq\\\/#faq-question-1648646858608\"}],\"inLanguage\":\"en-US\",\"potentialAction\":[{\"@type\":\"ReadAction\",\"target\":[\"https:\\\/\\\/tiptopeurope.com\\\/en\\\/faq\\\/\"]}]},{\"@type\":\"BreadcrumbList\",\"@id\":\"https:\\\/\\\/tiptopeurope.com\\\/en\\\/faq\\\/#breadcrumb\",\"itemListElement\":[{\"@type\":\"ListItem\",\"position\":1,\"name\":\"Home\",\"item\":\"https:\\\/\\\/tiptopeurope.com\\\/en\\\/\"},{\"@type\":\"ListItem\",\"position\":2,\"name\":\"Q&amp;A\"}]},{\"@type\":\"WebSite\",\"@id\":\"https:\\\/\\\/tiptopeurope.com\\\/en\\\/#website\",\"url\":\"https:\\\/\\\/tiptopeurope.com\\\/en\\\/\",\"name\":\"TipTop Europe\",\"description\":\"Voyagez avec tout ce qui compte vraiment\",\"publisher\":{\"@id\":\"https:\\\/\\\/tiptopeurope.com\\\/en\\\/#organization\"},\"potentialAction\":[{\"@type\":\"SearchAction\",\"target\":{\"@type\":\"EntryPoint\",\"urlTemplate\":\"https:\\\/\\\/tiptopeurope.com\\\/en\\\/?s={search_term_string}\"},\"query-input\":{\"@type\":\"PropertyValueSpecification\",\"valueRequired\":true,\"valueName\":\"search_term_string\"}}],\"inLanguage\":\"en-US\"},{\"@type\":\"Organization\",\"@id\":\"https:\\\/\\\/tiptopeurope.com\\\/en\\\/#organization\",\"name\":\"TipTop Europe\",\"url\":\"https:\\\/\\\/tiptopeurope.com\\\/en\\\/\",\"logo\":{\"@type\":\"ImageObject\",\"inLanguage\":\"en-US\",\"@id\":\"https:\\\/\\\/tiptopeurope.com\\\/en\\\/#\\\/schema\\\/logo\\\/image\\\/\",\"url\":\"https:\\\/\\\/tiptopeurope.com\\\/wp-content\\\/uploads\\\/2021\\\/10\\\/logo_tip-top@x2.png\",\"contentUrl\":\"https:\\\/\\\/tiptopeurope.com\\\/wp-content\\\/uploads\\\/2021\\\/10\\\/logo_tip-top@x2.png\",\"width\":226,\"height\":140,\"caption\":\"TipTop Europe\"},\"image\":{\"@id\":\"https:\\\/\\\/tiptopeurope.com\\\/en\\\/#\\\/schema\\\/logo\\\/image\\\/\"}},{\"@type\":\"Question\",\"@id\":\"https:\\\/\\\/tiptopeurope.com\\\/en\\\/faq\\\/#faq-question-1637164121158\",\"position\":1,\"url\":\"https:\\\/\\\/tiptopeurope.com\\\/en\\\/faq\\\/#faq-question-1637164121158\",\"name\":\"Quelle est la diff\u00e9rence entre vos deux mod\u00e8les de mini-caravanes \u00c9volution et Original ?\",\"answerCount\":1,\"acceptedAnswer\":{\"@type\":\"Answer\",\"text\":\"Le mod\u00e8le Original est une mini-caravane avec un maximum de confort gr\u00e2ce \u00e0 sa cabine am\u00e9nag\u00e9e en chambre et sa cuisine int\u00e9gr\u00e9e tandis que le mod\u00e8le \u00c9volution propose une modularit\u00e9 in\u00e9gal\u00e9e gr\u00e2ce \u00e0 son volume de 5.2m3 et les diff\u00e9rents kits d'am\u00e9nagement.\",\"inLanguage\":\"en-US\"},\"inLanguage\":\"en-US\"},{\"@type\":\"Question\",\"@id\":\"https:\\\/\\\/tiptopeurope.com\\\/en\\\/faq\\\/#faq-question-1637164143814\",\"position\":2,\"url\":\"https:\\\/\\\/tiptopeurope.com\\\/en\\\/faq\\\/#faq-question-1637164143814\",\"name\":\"Quel est le PTAC (Poids Total Autoris\u00e9 en Charge) de vos mini-caravanes ?\",\"answerCount\":1,\"acceptedAnswer\":{\"@type\":\"Answer\",\"text\":\"Le mod\u00e8le \u00c9volution a un PTAC de 750kg tandis que le mod\u00e8le Original a un PTAC de 900kg. Il est possible de modifier ce PTAC en fonction de votre utilisation.\",\"inLanguage\":\"en-US\"},\"inLanguage\":\"en-US\"},{\"@type\":\"Question\",\"@id\":\"https:\\\/\\\/tiptopeurope.com\\\/en\\\/faq\\\/#faq-question-1643620283422\",\"position\":3,\"url\":\"https:\\\/\\\/tiptopeurope.com\\\/en\\\/faq\\\/#faq-question-1643620283422\",\"name\":\"Quel permis est n\u00e9cessaire pour tracter une TipTop ?\",\"answerCount\":1,\"acceptedAnswer\":{\"@type\":\"Answer\",\"text\":\"Pour r\u00e9pondre \u00e0 cette question, il faut ajouter le PTAC de votre v\u00e9hicule tracteur \u00e0 celui de votre mini-caravane.<br \\\/>Si le total est inf\u00e9rieur \u00e0 3500kg, votre permis B suffit.<br \\\/>Si le total est compris entre 3501 et 4250kg, il faut suivre une formation B96 en plus de votre permis B (un stage d'une journ\u00e9e).<br \\\/>Si le total est sup\u00e9rieur \u00e0 4251kg, il vous faut le permis BE.\",\"inLanguage\":\"en-US\"},\"inLanguage\":\"en-US\"},{\"@type\":\"Question\",\"@id\":\"https:\\\/\\\/tiptopeurope.com\\\/en\\\/faq\\\/#faq-question-1643620456437\",\"position\":4,\"url\":\"https:\\\/\\\/tiptopeurope.com\\\/en\\\/faq\\\/#faq-question-1643620456437\",\"name\":\"Faut-il une carte grise ?\",\"answerCount\":1,\"acceptedAnswer\":{\"@type\":\"Answer\",\"text\":\"Oui, toutes les remorques de plus de 500kg doivent \u00eatre immatricul\u00e9es.\",\"inLanguage\":\"en-US\"},\"inLanguage\":\"en-US\"},{\"@type\":\"Question\",\"@id\":\"https:\\\/\\\/tiptopeurope.com\\\/en\\\/faq\\\/#faq-question-1648646368553\",\"position\":5,\"url\":\"https:\\\/\\\/tiptopeurope.com\\\/en\\\/faq\\\/#faq-question-1648646368553\",\"name\":\"Faut-il pr\u00e9voir un contr\u00f4le technique ?\",\"answerCount\":1,\"acceptedAnswer\":{\"@type\":\"Answer\",\"text\":\"Non, le v\u00e9hicule n'\u00e9tant pas motoris\u00e9, il n'y a pas de contr\u00f4le technique \u00e0 pr\u00e9voir.\",\"inLanguage\":\"en-US\"},\"inLanguage\":\"en-US\"},{\"@type\":\"Question\",\"@id\":\"https:\\\/\\\/tiptopeurope.com\\\/en\\\/faq\\\/#faq-question-1648646437793\",\"position\":6,\"url\":\"https:\\\/\\\/tiptopeurope.com\\\/en\\\/faq\\\/#faq-question-1648646437793\",\"name\":\"Quelle voiture pour tracter une TipTop ?\",\"answerCount\":1,\"acceptedAnswer\":{\"@type\":\"Answer\",\"text\":\"Le v\u00e9hicule qui va tracter doit imp\u00e9rativement disposer d\u2019un poids tractable homologu\u00e9 (mentionn\u00e9 sur la carte grise), la plupart des v\u00e9hicules permettent de tracter une TipTop.\",\"inLanguage\":\"en-US\"},\"inLanguage\":\"en-US\"},{\"@type\":\"Question\",\"@id\":\"https:\\\/\\\/tiptopeurope.com\\\/en\\\/faq\\\/#faq-question-1648646507307\",\"position\":7,\"url\":\"https:\\\/\\\/tiptopeurope.com\\\/en\\\/faq\\\/#faq-question-1648646507307\",\"name\":\"Quel attelage choisir ?\",\"answerCount\":1,\"acceptedAnswer\":{\"@type\":\"Answer\",\"text\":\"Il faut \u00e9quiper son v\u00e9hicule d'une boule d'attelage positionn\u00e9e \u00e0 minimum 40cm de haut avec une prise 13 broches pour pouvoir b\u00e9n\u00e9ficier de l'ensemble des fonctionnalit\u00e9s pr\u00e9vues (recharge de la batterie en roulant\u2026)\",\"inLanguage\":\"en-US\"},\"inLanguage\":\"en-US\"},{\"@type\":\"Question\",\"@id\":\"https:\\\/\\\/tiptopeurope.com\\\/en\\\/faq\\\/#faq-question-1648646625087\",\"position\":8,\"url\":\"https:\\\/\\\/tiptopeurope.com\\\/en\\\/faq\\\/#faq-question-1648646625087\",\"name\":\"Faut-il pr\u00e9voir une assurance pour ma TipTop ?\",\"answerCount\":1,\"acceptedAnswer\":{\"@type\":\"Answer\",\"text\":\"L'assurance est obligatoire pour votre TipTop. La mini-caravane est consid\u00e9r\u00e9e comme un v\u00e9hicule \u00e0 part enti\u00e8re, et l\u2019assurance va d\u00e9pendre de son poids et de son utilisation. Le Code des Assurances impose au minimum une assurance \u201cresponsabilit\u00e9 civile\u201d m\u00eame si votre caravane reste au garage toute l\u2019ann\u00e9e.<br \\\/>Selon son PTAC, votre caravane n\u00e9cessitera une assurance diff\u00e9rente :<br \\\/>Si le PTAC est inf\u00e9rieur \u00e0 750 kg (\u00c9volution RT ou GT sans tente de toit), la caravane sera\u00a0<strong>couverte par l\u2019assurance de votre automobile<\\\/strong>.<br \\\/>Pour un PTAC de plus de 750 kg (mod\u00e8le Original, \u00c9volution XT ou autre finition avec une tente de toit), l\u2019assurance de votre caravane sera\u00a0<strong>ind\u00e9pendante<\\\/strong>\u00a0de celle de votre auto.\",\"inLanguage\":\"en-US\"},\"inLanguage\":\"en-US\"},{\"@type\":\"Question\",\"@id\":\"https:\\\/\\\/tiptopeurope.com\\\/en\\\/faq\\\/#faq-question-1648646858608\",\"position\":9,\"url\":\"https:\\\/\\\/tiptopeurope.com\\\/en\\\/faq\\\/#faq-question-1648646858608\",\"name\":\"O\u00f9 voir une TipTop ?\",\"answerCount\":1,\"acceptedAnswer\":{\"@type\":\"Answer\",\"text\":\"Plusieurs possibilit\u00e9s :<br \\\/>- A notre si\u00e8ge social : La Gacilly (56)<br \\\/>- Dans notre usine de production : Le Mans (72)<br \\\/>- Sur un salon (n'h\u00e9sitez pas \u00e0 nous suivre sur les r\u00e9seaux sociaux pour voir les prochains salons)<br \\\/>- Chez un de nos ambassadeurs\",\"inLanguage\":\"en-US\"},\"inLanguage\":\"en-US\"}]}<\/script>\n<!-- \/ Yoast SEO plugin. -->","yoast_head_json":{"title":"Q&amp;A - TipTop Europe","description":"Find the answers to many questions. If you don't find what you're looking for, don't hesitate to contact us!","robots":{"index":"index","follow":"follow","max-snippet":"max-snippet:-1","max-image-preview":"max-image-preview:large","max-video-preview":"max-video-preview:-1"},"canonical":"https:\/\/tiptopeurope.com\/en\/faq\/","og_locale":"en_US","og_type":"article","og_title":"Q&amp;A - TipTop Europe","og_description":"Find the answers to many questions. If you don't find what you're looking for, don't hesitate to contact us!","og_url":"https:\/\/tiptopeurope.com\/en\/faq\/","og_site_name":"TipTop Europe","article_modified_time":"2023-03-15T11:20:15+00:00","twitter_card":"summary_large_image","twitter_misc":{"Est. reading time":"2 minutes"},"schema":{"@context":"https:\/\/schema.org","@graph":[{"@type":["WebPage","FAQPage"],"@id":"https:\/\/tiptopeurope.com\/en\/faq\/","url":"https:\/\/tiptopeurope.com\/en\/faq\/","name":"Q&amp;A - TipTop Europe","isPartOf":{"@id":"https:\/\/tiptopeurope.com\/en\/#website"},"datePublished":"2022-04-07T09:28:17+00:00","dateModified":"2023-03-15T11:20:15+00:00","description":"Find the answers to many questions. If you don't find what you're looking for, don't hesitate to contact us!","breadcrumb":{"@id":"https:\/\/tiptopeurope.com\/en\/faq\/#breadcrumb"},"mainEntity":[{"@id":"https:\/\/tiptopeurope.com\/en\/faq\/#faq-question-1637164121158"},{"@id":"https:\/\/tiptopeurope.com\/en\/faq\/#faq-question-1637164143814"},{"@id":"https:\/\/tiptopeurope.com\/en\/faq\/#faq-question-1643620283422"},{"@id":"https:\/\/tiptopeurope.com\/en\/faq\/#faq-question-1643620456437"},{"@id":"https:\/\/tiptopeurope.com\/en\/faq\/#faq-question-1648646368553"},{"@id":"https:\/\/tiptopeurope.com\/en\/faq\/#faq-question-1648646437793"},{"@id":"https:\/\/tiptopeurope.com\/en\/faq\/#faq-question-1648646507307"},{"@id":"https:\/\/tiptopeurope.com\/en\/faq\/#faq-question-1648646625087"},{"@id":"https:\/\/tiptopeurope.com\/en\/faq\/#faq-question-1648646858608"}],"inLanguage":"en-US","potentialAction":[{"@type":"ReadAction","target":["https:\/\/tiptopeurope.com\/en\/faq\/"]}]},{"@type":"BreadcrumbList","@id":"https:\/\/tiptopeurope.com\/en\/faq\/#breadcrumb","itemListElement":[{"@type":"ListItem","position":1,"name":"Home","item":"https:\/\/tiptopeurope.com\/en\/"},{"@type":"ListItem","position":2,"name":"Q&amp;A"}]},{"@type":"WebSite","@id":"https:\/\/tiptopeurope.com\/en\/#website","url":"https:\/\/tiptopeurope.com\/en\/","name":"TipTop Europe","description":"Voyagez avec tout ce qui compte vraiment","publisher":{"@id":"https:\/\/tiptopeurope.com\/en\/#organization"},"potentialAction":[{"@type":"SearchAction","target":{"@type":"EntryPoint","urlTemplate":"https:\/\/tiptopeurope.com\/en\/?s={search_term_string}"},"query-input":{"@type":"PropertyValueSpecification","valueRequired":true,"valueName":"search_term_string"}}],"inLanguage":"en-US"},{"@type":"Organization","@id":"https:\/\/tiptopeurope.com\/en\/#organization","name":"TipTop Europe","url":"https:\/\/tiptopeurope.com\/en\/","logo":{"@type":"ImageObject","inLanguage":"en-US","@id":"https:\/\/tiptopeurope.com\/en\/#\/schema\/logo\/image\/","url":"https:\/\/tiptopeurope.com\/wp-content\/uploads\/2021\/10\/logo_tip-top@x2.png","contentUrl":"https:\/\/tiptopeurope.com\/wp-content\/uploads\/2021\/10\/logo_tip-top@x2.png","width":226,"height":140,"caption":"TipTop Europe"},"image":{"@id":"https:\/\/tiptopeurope.com\/en\/#\/schema\/logo\/image\/"}},{"@type":"Question","@id":"https:\/\/tiptopeurope.com\/en\/faq\/#faq-question-1637164121158","position":1,"url":"https:\/\/tiptopeurope.com\/en\/faq\/#faq-question-1637164121158","name":"Quelle est la diff\u00e9rence entre vos deux mod\u00e8les de mini-caravanes \u00c9volution et Original ?","answerCount":1,"acceptedAnswer":{"@type":"Answer","text":"Le mod\u00e8le Original est une mini-caravane avec un maximum de confort gr\u00e2ce \u00e0 sa cabine am\u00e9nag\u00e9e en chambre et sa cuisine int\u00e9gr\u00e9e tandis que le mod\u00e8le \u00c9volution propose une modularit\u00e9 in\u00e9gal\u00e9e gr\u00e2ce \u00e0 son volume de 5.2m3 et les diff\u00e9rents kits d'am\u00e9nagement.","inLanguage":"en-US"},"inLanguage":"en-US"},{"@type":"Question","@id":"https:\/\/tiptopeurope.com\/en\/faq\/#faq-question-1637164143814","position":2,"url":"https:\/\/tiptopeurope.com\/en\/faq\/#faq-question-1637164143814","name":"Quel est le PTAC (Poids Total Autoris\u00e9 en Charge) de vos mini-caravanes ?","answerCount":1,"acceptedAnswer":{"@type":"Answer","text":"Le mod\u00e8le \u00c9volution a un PTAC de 750kg tandis que le mod\u00e8le Original a un PTAC de 900kg. Il est possible de modifier ce PTAC en fonction de votre utilisation.","inLanguage":"en-US"},"inLanguage":"en-US"},{"@type":"Question","@id":"https:\/\/tiptopeurope.com\/en\/faq\/#faq-question-1643620283422","position":3,"url":"https:\/\/tiptopeurope.com\/en\/faq\/#faq-question-1643620283422","name":"Quel permis est n\u00e9cessaire pour tracter une TipTop ?","answerCount":1,"acceptedAnswer":{"@type":"Answer","text":"Pour r\u00e9pondre \u00e0 cette question, il faut ajouter le PTAC de votre v\u00e9hicule tracteur \u00e0 celui de votre mini-caravane.<br \/>Si le total est inf\u00e9rieur \u00e0 3500kg, votre permis B suffit.<br \/>Si le total est compris entre 3501 et 4250kg, il faut suivre une formation B96 en plus de votre permis B (un stage d'une journ\u00e9e).<br \/>Si le total est sup\u00e9rieur \u00e0 4251kg, il vous faut le permis BE.","inLanguage":"en-US"},"inLanguage":"en-US"},{"@type":"Question","@id":"https:\/\/tiptopeurope.com\/en\/faq\/#faq-question-1643620456437","position":4,"url":"https:\/\/tiptopeurope.com\/en\/faq\/#faq-question-1643620456437","name":"Faut-il une carte grise ?","answerCount":1,"acceptedAnswer":{"@type":"Answer","text":"Oui, toutes les remorques de plus de 500kg doivent \u00eatre immatricul\u00e9es.","inLanguage":"en-US"},"inLanguage":"en-US"},{"@type":"Question","@id":"https:\/\/tiptopeurope.com\/en\/faq\/#faq-question-1648646368553","position":5,"url":"https:\/\/tiptopeurope.com\/en\/faq\/#faq-question-1648646368553","name":"Faut-il pr\u00e9voir un contr\u00f4le technique ?","answerCount":1,"acceptedAnswer":{"@type":"Answer","text":"Non, le v\u00e9hicule n'\u00e9tant pas motoris\u00e9, il n'y a pas de contr\u00f4le technique \u00e0 pr\u00e9voir.","inLanguage":"en-US"},"inLanguage":"en-US"},{"@type":"Question","@id":"https:\/\/tiptopeurope.com\/en\/faq\/#faq-question-1648646437793","position":6,"url":"https:\/\/tiptopeurope.com\/en\/faq\/#faq-question-1648646437793","name":"Quelle voiture pour tracter une TipTop ?","answerCount":1,"acceptedAnswer":{"@type":"Answer","text":"Le v\u00e9hicule qui va tracter doit imp\u00e9rativement disposer d\u2019un poids tractable homologu\u00e9 (mentionn\u00e9 sur la carte grise), la plupart des v\u00e9hicules permettent de tracter une TipTop.","inLanguage":"en-US"},"inLanguage":"en-US"},{"@type":"Question","@id":"https:\/\/tiptopeurope.com\/en\/faq\/#faq-question-1648646507307","position":7,"url":"https:\/\/tiptopeurope.com\/en\/faq\/#faq-question-1648646507307","name":"Quel attelage choisir ?","answerCount":1,"acceptedAnswer":{"@type":"Answer","text":"Il faut \u00e9quiper son v\u00e9hicule d'une boule d'attelage positionn\u00e9e \u00e0 minimum 40cm de haut avec une prise 13 broches pour pouvoir b\u00e9n\u00e9ficier de l'ensemble des fonctionnalit\u00e9s pr\u00e9vues (recharge de la batterie en roulant\u2026)","inLanguage":"en-US"},"inLanguage":"en-US"},{"@type":"Question","@id":"https:\/\/tiptopeurope.com\/en\/faq\/#faq-question-1648646625087","position":8,"url":"https:\/\/tiptopeurope.com\/en\/faq\/#faq-question-1648646625087","name":"Faut-il pr\u00e9voir une assurance pour ma TipTop ?","answerCount":1,"acceptedAnswer":{"@type":"Answer","text":"L'assurance est obligatoire pour votre TipTop. La mini-caravane est consid\u00e9r\u00e9e comme un v\u00e9hicule \u00e0 part enti\u00e8re, et l\u2019assurance va d\u00e9pendre de son poids et de son utilisation. Le Code des Assurances impose au minimum une assurance \u201cresponsabilit\u00e9 civile\u201d m\u00eame si votre caravane reste au garage toute l\u2019ann\u00e9e.<br \/>Selon son PTAC, votre caravane n\u00e9cessitera une assurance diff\u00e9rente :<br \/>Si le PTAC est inf\u00e9rieur \u00e0 750 kg (\u00c9volution RT ou GT sans tente de toit), la caravane sera\u00a0<strong>couverte par l\u2019assurance de votre automobile<\/strong>.<br \/>Pour un PTAC de plus de 750 kg (mod\u00e8le Original, \u00c9volution XT ou autre finition avec une tente de toit), l\u2019assurance de votre caravane sera\u00a0<strong>ind\u00e9pendante<\/strong>\u00a0de celle de votre auto.","inLanguage":"en-US"},"inLanguage":"en-US"},{"@type":"Question","@id":"https:\/\/tiptopeurope.com\/en\/faq\/#faq-question-1648646858608","position":9,"url":"https:\/\/tiptopeurope.com\/en\/faq\/#faq-question-1648646858608","name":"O\u00f9 voir une TipTop ?","answerCount":1,"acceptedAnswer":{"@type":"Answer","text":"Plusieurs possibilit\u00e9s :<br \/>- A notre si\u00e8ge social : La Gacilly (56)<br \/>- Dans notre usine de production : Le Mans (72)<br \/>- Sur un salon (n'h\u00e9sitez pas \u00e0 nous suivre sur les r\u00e9seaux sociaux pour voir les prochains salons)<br \/>- Chez un de nos ambassadeurs","inLanguage":"en-US"},"inLanguage":"en-US"}]}},"_links":{"self":[{"href":"https:\/\/tiptopeurope.com\/en\/wp-json\/wp\/v2\/pages\/893","targetHints":{"allow":["GET"]}}],"collection":[{"href":"https:\/\/tiptopeurope.com\/en\/wp-json\/wp\/v2\/pages"}],"about":[{"href":"https:\/\/tiptopeurope.com\/en\/wp-json\/wp\/v2\/types\/page"}],"author":[{"embeddable":true,"href":"https:\/\/tiptopeurope.com\/en\/wp-json\/wp\/v2\/users\/1"}],"replies":[{"embeddable":true,"href":"https:\/\/tiptopeurope.com\/en\/wp-json\/wp\/v2\/comments?post=893"}],"version-history":[{"count":9,"href":"https:\/\/tiptopeurope.com\/en\/wp-json\/wp\/v2\/pages\/893\/revisions"}],"predecessor-version":[{"id":1646,"href":"https:\/\/tiptopeurope.com\/en\/wp-json\/wp\/v2\/pages\/893\/revisions\/1646"}],"wp:attachment":[{"href":"https:\/\/tiptopeurope.com\/en\/wp-json\/wp\/v2\/media?parent=893"}],"curies":[{"name":"wp","href":"https:\/\/api.w.org\/{rel}","templated":true}]}}