{"id":3347,"date":"2023-03-27T16:48:41","date_gmt":"2023-03-27T14:48:41","guid":{"rendered":"https:\/\/tiptopeurope.com\/mentions-legales\/"},"modified":"2024-04-26T12:41:57","modified_gmt":"2024-04-26T10:41:57","slug":"mentions-legales","status":"publish","type":"page","link":"https:\/\/tiptopeurope.com\/de\/mentions-legales\/","title":{"rendered":"Mentions l\u00e9gales"},"content":{"rendered":"\n<p>Mentions l\u00e9gales \u2013 TIPTOP EUROPE <a href=\"http:\/\/www.tiptopeurope.com\">www.tiptopeurope.com<\/a><\/p>\n\n<p><strong>1) IDENTIFICATION <\/strong><\/p>\n\n<p><strong>&#8211;<em>D\u00e9nomination sociale<\/em><\/strong> : SARL TIPTOP EUROPE<\/p>\n\n<p><strong>Adresse<\/strong> : 22, La Basse Provotaie \u2013 56200 LA GACILLY &#8211; T\u00e9l\u00e9phone : 02 99 08 14 50<\/p>\n\n<p><strong>Email<\/strong> : <a href=\"mailto:contact@tiptopeurope.com\">contact@tiptopeurope.com<\/a>  <\/p>\n\n<p>&#8211;<strong>Montant du capital social<\/strong>\u00a0: 8000\u20ac<\/p>\n\n<p>&#8211;<strong>Nom du directeur de la publication<\/strong>: Alain Sauvager<\/p>\n\n<p><strong>-Site r\u00e9alis\u00e9 par<\/strong> : LAMOURDUWEB \u2013 165, rue de la Montagne du Salut \u2013 56600 LANESTER &#8211; Web: <a href=\"https:\/\/www.lamourduweb.com\">https:\/\/www.lamourduweb.com<\/a><\/p>\n\n<p><strong>-Site h\u00e9berg\u00e9 par<\/strong> :<\/p>\n\n<p>Nexylan SAS au Capital de 150.000 euros<br\/>RCS Lille-M\u00e9tropole 517 884 722<br\/>274 T Av de la Marne<br\/>59700 MARCQ-EN-BAROEUL<\/p>\n\n<p>T\u00e9l.\u00a0: 03.66.72.15.72<\/p>\n\n<p><strong>2) ACTIVIT\u00c9\u00a0<\/strong>:<\/p>\n\n<p>\u00a0Num\u00e9ro RCS\u00a0: Vannes B 824\u00a0563 399<\/p>\n\n<p>Num\u00e9ro TVA intracommunautaire\u00a0: FR89\u00a0824\u00a0563 399<\/p>\n\n<p>Conditions G\u00e9n\u00e9rales de Vente\u00a0: voir sur l\u2019onglet CGV<\/p>\n\n<p><strong>3) ACCES AU SITE: <\/strong><\/p>\n\n<p>L\u2019\u00e9diteur s\u2019efforce de permettre l\u2019acc\u00e8s au site 24 heures sur 24, 7 jours sur 7, sauf en cas de force majeure ou d\u2019un \u00e9v\u00e9nement hors du contr\u00f4le du Propri\u00e9taire, et sous r\u00e9serve des \u00e9ventuelles pannes et interventions de maintenance n\u00e9cessaires au bon fonctionnement du site et des services. Par cons\u00e9quent, TIPTOP EUROPE ne peut garantir une disponibilit\u00e9 du site et\/ou des services, une fiabilit\u00e9 des transmissions et des performances en termes de temps de r\u00e9ponse ou de qualit\u00e9. La responsabilit\u00e9 de l\u2019\u00e9diteur ne saurait \u00eatre engag\u00e9e en cas d\u2019impossibilit\u00e9 d\u2019acc\u00e8s \u00e0 ce site et\/ou d\u2019utilisation des services.<\/p>\n\n<p><strong>4) COPYRIGHT:<\/strong><\/p>\n\n<p>Tout ce qui est contenu dans le site est prot\u00e9g\u00e9 par copyright. Il est possible d\u2019acc\u00e9der \u00e0 des donn\u00e9es, images et textes \u00e0 usage personnel exclusivement, la reproduction, modification ou publication, totale ou partielle, en est interdite quelles que soient les raisons. Toute utilisation des marques ou logos, sans le consentement \u00e9crit du Propri\u00e9taire, ou des tiers int\u00e9ress\u00e9s constitue une violation entra\u00eenant des poursuites judiciaires. Les services du Propri\u00e9taire en ligne sont gratuits. L\u2019utilisation du site est enti\u00e8rement gratuite hors temps de connexion selon les conditions de votre fournisseur d\u2019acc\u00e8s \u00e0 Internet.<\/p>\n\n<p><strong>5) MODALIT\u00c9S DU SITE :  <\/strong><\/p>\n\n<p>L\u2019utilisation des services offerts par le site implique l\u2019acceptation de ce qui est expos\u00e9 ci-dessous. Ces indications sont susceptibles de modification, nous vous invitons \u00e0 les consulter tr\u00e8s r\u00e9guli\u00e8rement pour v\u00e9rifier le contenu. TIPTOP EUROPE apporte le plus grand soin et met en \u0153uvre tout moyen pour diffuser des informations de qualit\u00e9. Le Propri\u00e9taire du site ne peut toutefois pas garantir de mani\u00e8re absolue l\u2019exactitude et l\u2019exhaustivit\u00e9 de l\u2019ensemble de ces informations. Ces informations et\/ou documents sont susceptibles de contenir des inexactitudes techniques et des erreurs typographiques. Il est fortement recommand\u00e9 de v\u00e9rifier l\u2019exactitude et la pertinence des informations et\/ou documents mis \u00e0 disposition sur ce site. TIPTOP EUROPE se r\u00e9serve le droit de les corriger, d\u00e8s que ces erreurs sont port\u00e9es \u00e0 sa connaissance. Les informations et\/ou documents disponibles sur ce site sont susceptibles d\u2019\u00eatre modifi\u00e9s \u00e0 tout moment, et peuvent avoir fait l\u2019objet de mises \u00e0 jour.   <\/p>\n\n<p>En particulier, ils peuvent avoir fait l\u2019objet d\u2019une mise \u00e0 jour entre le moment de leur t\u00e9l\u00e9chargement et celui o\u00f9 l\u2019utilisateur en prend connaissance. Le Propri\u00e9taire ne repr\u00e9sente pas, ne garantit pas, ne cautionne pas, ni ne d\u00e9tient aucune responsabilit\u00e9 sur des sites ext\u00e9rieurs pour lesquels il pourrait exister des liens depuis ce site ou vice-versa. Tout site ext\u00e9rieur que vous pouvez visiter \u00e0 partir d\u2019un lien hypertexte depuis ce site est en dehors du contr\u00f4le du Propri\u00e9taire et vous le visitez \u00e0 vos propres risques. TIPTOP EUROPE ne pourra en aucun cas \u00eatre tenu pour responsable du contenu des sites ainsi accessibles, ou des \u00e9ventuelles collectes et transmission de donn\u00e9es personnelles, installation de cookies ou tout autre proc\u00e9d\u00e9 tendant aux m\u00eames fins, effectu\u00e9s par ces sites.<\/p>\n\n<p><strong>6) STATISTIQUES WEB: <\/strong><\/p>\n\n<p>Les statistiques de clics sont produites afin de permettre une am\u00e9lioration constante de notre site Web. Les clics individuels sont enregistr\u00e9s de fa\u00e7on anonyme et ne peuvent \u00eatre r\u00e9associ\u00e9s \u00e0 des utilisateurs sp\u00e9cifiques\u00a0: Loi du 6 janvier 1978 relative \u00e0 l\u2019informatique et aux libert\u00e9s. Nous prot\u00e9geons votre vie priv\u00e9e. TIPTOP EUROPE prot\u00e8ge votre vie priv\u00e9e \u00e0 double titre. En accord avec nos mesures internes sur la confidentialit\u00e9, nous transf\u00e9rons vos donn\u00e9es, exclusivement aux soci\u00e9t\u00e9s distributeurs agr\u00e9\u00e9s membres du r\u00e9seau commercial du Propri\u00e9taire, pour leur permettre de vous contacter au plus t\u00f4t. <\/p>\n\n<p>D\u2019autre part, conform\u00e9ment \u00e0 la loi Informatique et Libert\u00e9s (article 34 de la loi n\u00b078-17 du 6 janvier 1978), les donn\u00e9es nominatives vous concernant que vous communiquerez sur le site ne seront utilis\u00e9es \u00e0 des fins commerciales et de marketing qu\u2019avec votre agr\u00e9ment. Conform\u00e9ment \u00e0 la loi \u00ab informatique et libert\u00e9 \u00bb du 6 janvier 1978, vous b\u00e9n\u00e9ficiez d\u2019un droit d\u2019acc\u00e8s, de rectification et de suppression des donn\u00e9es vous concernant, ainsi que du droit de vous opposer au traitement de ces donn\u00e9es pour des motifs l\u00e9gitimes ou \u00e0 leur utilisation \u00e0 des fins de prospection, notamment commerciale.<\/p>\n\n<p><strong>7) COOKIES: <\/strong><\/p>\n\n<p>Un cookie est un petit fichier texte enregistr\u00e9 par un site Web sur votre disque dur. Les cookies n\u2019endommagent nullement votre ordinateur et ne contiennent pas de virus. Les cookies de nos pages Web ne recueillent aucune donn\u00e9e personnelle vous concernant. Vous pouvez d\u00e9sactiver, \u00e0 tout moment, l\u2019utilisation de cookies par le biais du param\u00e9trage de votre navigateur. La dur\u00e9e de conservation de ces informations dans votre ordinateur est de 30 jours. En r\u00e8gle g\u00e9n\u00e9rale, nos sites Web contiennent des cookies uniquement \u00e0 des fins d\u2019\u00e9valuation statistique anonyme et pour am\u00e9liorer la navigation des internautes. Si ces cookies devaient, en outre, \u00eatre utiles dans des cas particuliers, vous en \u00eates inform\u00e9s \u00e0 l\u2019endroit correspondant.<\/p>\n\n<p>**<strong><u>Pourquoi utilisons-nous des Cookies ?<\/u><\/strong><\/p>\n\n<p>Ils nous permettent de mesurer l\u2019audience de ce site internet. Ainsi nous pouvons analyser la fr\u00e9quentation et l\u2019utilisation de ce site et am\u00e9liorer constamment nos services et contenus. Ils nous permettent aussi de m\u00e9moriser vos pr\u00e9f\u00e9rences de navigation telles que votre langue, la taille de la police, la pr\u00e9sentation de la page ou les couleurs pr\u00e9f\u00e9r\u00e9es, le tout pour vous permettre de parcourir notre site plus rapidement et plus facilement. Ils nous permettent aussi de collecter des informations analytiques pour, par exemple, compter le nombre de visiteurs sur notre site Web et d\u2019identifier les pages de nos sites que vous visitez le plus souvent. Nous utilisons les donn\u00e9es d\u2019analyse que nous collectons \u00e0 des fins marketing et de planification des ressources.<\/p>\n\n<p>Sachez que nous ne conservons aucune information permettant de vous identifier personnellement dans les donn\u00e9es de nos cookies vous concernant. Nous enregistrons uniquement un identifiant de session unique qui nous aidera \u00e0 retrouver un profil d\u2019utilisateur ainsi que vos pr\u00e9f\u00e9rences lors de votre prochaine visite.<\/p>\n\n<p>Ces donn\u00e9es sont conserv\u00e9es uniquement via Google Analytics pour une dur\u00e9e pr\u00e9vue par le logiciel (allant jusqu\u2019\u00e0 50 mois).<\/p>\n\n<p>**<strong><u>Comment g\u00e9rer vos cookies<\/u><\/strong><\/p>\n\n<p>Le menu de la plupart des navigateurs comporte des options vous permettant de g\u00e9rer vos cookies en r\u00e9glant ou en configurant vos param\u00e8tres de cookies. G\u00e9n\u00e9ralement, le navigateur vous offre la possibilit\u00e9 :<\/p>\n\n<p>\u2022\u00a0\u00a0\u00a0\u00a0\u00a0\u00a0\u00a0\u00a0\u00a0 d\u2019afficher vos cookies<\/p>\n\n<p>\u2022\u00a0\u00a0\u00a0\u00a0\u00a0\u00a0\u00a0\u00a0\u00a0 d\u2019autoriser les cookies<\/p>\n\n<p>\u2022\u00a0\u00a0\u00a0\u00a0\u00a0\u00a0\u00a0\u00a0\u00a0 de d\u00e9sactiver tous les cookies ou uniquement des cookies pr\u00e9cis<\/p>\n\n<p>\u2022\u00a0\u00a0\u00a0\u00a0\u00a0\u00a0\u00a0\u00a0\u00a0 de d\u00e9sactiver tous les cookies lorsque vous fermez votre navigateur<\/p>\n\n<p>\u2022\u00a0\u00a0\u00a0\u00a0\u00a0\u00a0\u00a0\u00a0\u00a0 de bloquer les cookies<\/p>\n\n<p>\u2022\u00a0\u00a0\u00a0\u00a0\u00a0\u00a0\u00a0\u00a0\u00a0 d\u2019\u00eatre inform\u00e9 lorsque vous recevez un cookie<\/p>\n\n<p>Si vous configurez les options de votre navigateur pour supprimer tous les cookies, vos pr\u00e9f\u00e9rences de navigation seront effac\u00e9es \u00e0 la fermeture de votre navigateur. En continuant votre navigation sur notre site, vous vous engagez \u00e0 accepter l\u2019utilisation des cookies. Pour plus d\u2019informations sur les cookies, visitez le site de la CNIL.<\/p>\n\n<p><strong>8) INFORMATIONS TECHNIQUES ET S\u00c9CURIT\u00c9: <\/strong><\/p>\n\n<p>TIPTOP EUROPE vous rappelle que le secret des correspondances n\u2019est pas garanti sur le r\u00e9seau Internet. Par ailleurs, il appartient \u00e0 chaque utilisateur d\u2019internet de prendre les mesures appropri\u00e9es de fa\u00e7on \u00e0 prot\u00e9ger ses propres donn\u00e9es et \/ ou logiciels de la contamination d\u2019\u00e9ventuels virus circulants sur Internet.<\/p>\n\n<p><strong>9) MODIFICATION DES MENTIONS L\u00c9GALES ET CONDITIONS D&#8217;UTILISATION:<\/strong><\/p>\n\n<p>TIPTOP EUROPE se r\u00e9serve la possibilit\u00e9 de modifier, \u00e0 tout moment et sans pr\u00e9avis, les pr\u00e9sentes conditions d\u2019utilisation afin de les adapter aux \u00e9volutions du site et\/ou de son exploitation. L\u2019utilisateur s\u2019engage donc \u00e0 les consulter  r\u00e9guli\u00e8rement.<\/p>\n\n<p><\/p>\n\n<p><\/p>\n","protected":false},"excerpt":{"rendered":"<p>Mentions l\u00e9gales \u2013 TIPTOP EUROPE www.tiptopeurope.com 1) IDENTIFICATION &#8211;D\u00e9nomination sociale : SARL TIPTOP EUROPE Adresse : 22, La Basse Provotaie \u2013 56200 LA GACILLY &#8211; T\u00e9l\u00e9phone : 02 99 08 14 50 Email : contact@tiptopeurope.com &#8211;Montant du capital social\u00a0: 8000\u20ac &#8211;Nom du directeur de la publication: Alain Sauvager -Site r\u00e9alis\u00e9 par : LAMOURDUWEB \u2013 165, [&hellip;]<\/p>\n","protected":false},"author":1,"featured_media":0,"parent":0,"menu_order":100,"comment_status":"closed","ping_status":"closed","template":"","meta":{"_acf_changed":false,"footnotes":""},"class_list":["post-3347","page","type-page","status-publish","hentry"],"acf":[],"yoast_head":"<!-- This site is optimized with the Yoast SEO plugin v27.3 - https:\/\/yoast.com\/product\/yoast-seo-wordpress\/ -->\n<title>Mentions l\u00e9gales - TipTop Europe<\/title>\n<meta name=\"robots\" content=\"noindex, nofollow\" \/>\n<meta property=\"og:locale\" content=\"de_DE\" \/>\n<meta property=\"og:type\" content=\"article\" \/>\n<meta property=\"og:title\" content=\"Mentions l\u00e9gales - TipTop Europe\" \/>\n<meta property=\"og:description\" content=\"Mentions l\u00e9gales \u2013 TIPTOP EUROPE www.tiptopeurope.com 1) IDENTIFICATION &#8211;D\u00e9nomination sociale : SARL TIPTOP EUROPE Adresse : 22, La Basse Provotaie \u2013 56200 LA GACILLY &#8211; T\u00e9l\u00e9phone : 02 99 08 14 50 Email : contact@tiptopeurope.com &#8211;Montant du capital social\u00a0: 8000\u20ac &#8211;Nom du directeur de la publication: Alain Sauvager -Site r\u00e9alis\u00e9 par : LAMOURDUWEB \u2013 165, [&hellip;]\" \/>\n<meta property=\"og:url\" content=\"https:\/\/tiptopeurope.com\/de\/mentions-legales\/\" \/>\n<meta property=\"og:site_name\" content=\"TipTop Europe\" \/>\n<meta property=\"article:modified_time\" content=\"2024-04-26T10:41:57+00:00\" \/>\n<meta name=\"twitter:card\" content=\"summary_large_image\" \/>\n<meta name=\"twitter:label1\" content=\"Gesch\u00e4tzte Lesezeit\" \/>\n\t<meta name=\"twitter:data1\" content=\"7\u00a0Minuten\" \/>\n<script type=\"application\/ld+json\" class=\"yoast-schema-graph\">{\"@context\":\"https:\\\/\\\/schema.org\",\"@graph\":[{\"@type\":\"WebPage\",\"@id\":\"https:\\\/\\\/tiptopeurope.com\\\/de\\\/mentions-legales\\\/\",\"url\":\"https:\\\/\\\/tiptopeurope.com\\\/de\\\/mentions-legales\\\/\",\"name\":\"Mentions l\u00e9gales - TipTop Europe\",\"isPartOf\":{\"@id\":\"https:\\\/\\\/tiptopeurope.com\\\/de\\\/#website\"},\"datePublished\":\"2023-03-27T14:48:41+00:00\",\"dateModified\":\"2024-04-26T10:41:57+00:00\",\"breadcrumb\":{\"@id\":\"https:\\\/\\\/tiptopeurope.com\\\/de\\\/mentions-legales\\\/#breadcrumb\"},\"inLanguage\":\"de\",\"potentialAction\":[{\"@type\":\"ReadAction\",\"target\":[\"https:\\\/\\\/tiptopeurope.com\\\/de\\\/mentions-legales\\\/\"]}]},{\"@type\":\"BreadcrumbList\",\"@id\":\"https:\\\/\\\/tiptopeurope.com\\\/de\\\/mentions-legales\\\/#breadcrumb\",\"itemListElement\":[{\"@type\":\"ListItem\",\"position\":1,\"name\":\"Accueil\",\"item\":\"https:\\\/\\\/tiptopeurope.com\\\/de\\\/\"},{\"@type\":\"ListItem\",\"position\":2,\"name\":\"Mentions l\u00e9gales\"}]},{\"@type\":\"WebSite\",\"@id\":\"https:\\\/\\\/tiptopeurope.com\\\/de\\\/#website\",\"url\":\"https:\\\/\\\/tiptopeurope.com\\\/de\\\/\",\"name\":\"TipTop Europe\",\"description\":\"Voyagez avec tout ce qui compte vraiment\",\"publisher\":{\"@id\":\"https:\\\/\\\/tiptopeurope.com\\\/de\\\/#organization\"},\"potentialAction\":[{\"@type\":\"SearchAction\",\"target\":{\"@type\":\"EntryPoint\",\"urlTemplate\":\"https:\\\/\\\/tiptopeurope.com\\\/de\\\/?s={search_term_string}\"},\"query-input\":{\"@type\":\"PropertyValueSpecification\",\"valueRequired\":true,\"valueName\":\"search_term_string\"}}],\"inLanguage\":\"de\"},{\"@type\":\"Organization\",\"@id\":\"https:\\\/\\\/tiptopeurope.com\\\/de\\\/#organization\",\"name\":\"TipTop Europe\",\"url\":\"https:\\\/\\\/tiptopeurope.com\\\/de\\\/\",\"logo\":{\"@type\":\"ImageObject\",\"inLanguage\":\"de\",\"@id\":\"https:\\\/\\\/tiptopeurope.com\\\/de\\\/#\\\/schema\\\/logo\\\/image\\\/\",\"url\":\"https:\\\/\\\/tiptopeurope.com\\\/wp-content\\\/uploads\\\/2021\\\/10\\\/logo_tip-top@x2.png\",\"contentUrl\":\"https:\\\/\\\/tiptopeurope.com\\\/wp-content\\\/uploads\\\/2021\\\/10\\\/logo_tip-top@x2.png\",\"width\":226,\"height\":140,\"caption\":\"TipTop Europe\"},\"image\":{\"@id\":\"https:\\\/\\\/tiptopeurope.com\\\/de\\\/#\\\/schema\\\/logo\\\/image\\\/\"}}]}<\/script>\n<!-- \/ Yoast SEO plugin. -->","yoast_head_json":{"title":"Mentions l\u00e9gales - TipTop Europe","robots":{"index":"noindex","follow":"nofollow"},"og_locale":"de_DE","og_type":"article","og_title":"Mentions l\u00e9gales - TipTop Europe","og_description":"Mentions l\u00e9gales \u2013 TIPTOP EUROPE www.tiptopeurope.com 1) IDENTIFICATION &#8211;D\u00e9nomination sociale : SARL TIPTOP EUROPE Adresse : 22, La Basse Provotaie \u2013 56200 LA GACILLY &#8211; T\u00e9l\u00e9phone : 02 99 08 14 50 Email : contact@tiptopeurope.com &#8211;Montant du capital social\u00a0: 8000\u20ac &#8211;Nom du directeur de la publication: Alain Sauvager -Site r\u00e9alis\u00e9 par : LAMOURDUWEB \u2013 165, [&hellip;]","og_url":"https:\/\/tiptopeurope.com\/de\/mentions-legales\/","og_site_name":"TipTop Europe","article_modified_time":"2024-04-26T10:41:57+00:00","twitter_card":"summary_large_image","twitter_misc":{"Gesch\u00e4tzte Lesezeit":"7\u00a0Minuten"},"schema":{"@context":"https:\/\/schema.org","@graph":[{"@type":"WebPage","@id":"https:\/\/tiptopeurope.com\/de\/mentions-legales\/","url":"https:\/\/tiptopeurope.com\/de\/mentions-legales\/","name":"Mentions l\u00e9gales - TipTop Europe","isPartOf":{"@id":"https:\/\/tiptopeurope.com\/de\/#website"},"datePublished":"2023-03-27T14:48:41+00:00","dateModified":"2024-04-26T10:41:57+00:00","breadcrumb":{"@id":"https:\/\/tiptopeurope.com\/de\/mentions-legales\/#breadcrumb"},"inLanguage":"de","potentialAction":[{"@type":"ReadAction","target":["https:\/\/tiptopeurope.com\/de\/mentions-legales\/"]}]},{"@type":"BreadcrumbList","@id":"https:\/\/tiptopeurope.com\/de\/mentions-legales\/#breadcrumb","itemListElement":[{"@type":"ListItem","position":1,"name":"Accueil","item":"https:\/\/tiptopeurope.com\/de\/"},{"@type":"ListItem","position":2,"name":"Mentions l\u00e9gales"}]},{"@type":"WebSite","@id":"https:\/\/tiptopeurope.com\/de\/#website","url":"https:\/\/tiptopeurope.com\/de\/","name":"TipTop Europe","description":"Voyagez avec tout ce qui compte vraiment","publisher":{"@id":"https:\/\/tiptopeurope.com\/de\/#organization"},"potentialAction":[{"@type":"SearchAction","target":{"@type":"EntryPoint","urlTemplate":"https:\/\/tiptopeurope.com\/de\/?s={search_term_string}"},"query-input":{"@type":"PropertyValueSpecification","valueRequired":true,"valueName":"search_term_string"}}],"inLanguage":"de"},{"@type":"Organization","@id":"https:\/\/tiptopeurope.com\/de\/#organization","name":"TipTop Europe","url":"https:\/\/tiptopeurope.com\/de\/","logo":{"@type":"ImageObject","inLanguage":"de","@id":"https:\/\/tiptopeurope.com\/de\/#\/schema\/logo\/image\/","url":"https:\/\/tiptopeurope.com\/wp-content\/uploads\/2021\/10\/logo_tip-top@x2.png","contentUrl":"https:\/\/tiptopeurope.com\/wp-content\/uploads\/2021\/10\/logo_tip-top@x2.png","width":226,"height":140,"caption":"TipTop Europe"},"image":{"@id":"https:\/\/tiptopeurope.com\/de\/#\/schema\/logo\/image\/"}}]}},"_links":{"self":[{"href":"https:\/\/tiptopeurope.com\/de\/wp-json\/wp\/v2\/pages\/3347","targetHints":{"allow":["GET"]}}],"collection":[{"href":"https:\/\/tiptopeurope.com\/de\/wp-json\/wp\/v2\/pages"}],"about":[{"href":"https:\/\/tiptopeurope.com\/de\/wp-json\/wp\/v2\/types\/page"}],"author":[{"embeddable":true,"href":"https:\/\/tiptopeurope.com\/de\/wp-json\/wp\/v2\/users\/1"}],"replies":[{"embeddable":true,"href":"https:\/\/tiptopeurope.com\/de\/wp-json\/wp\/v2\/comments?post=3347"}],"version-history":[{"count":4,"href":"https:\/\/tiptopeurope.com\/de\/wp-json\/wp\/v2\/pages\/3347\/revisions"}],"predecessor-version":[{"id":29340,"href":"https:\/\/tiptopeurope.com\/de\/wp-json\/wp\/v2\/pages\/3347\/revisions\/29340"}],"wp:attachment":[{"href":"https:\/\/tiptopeurope.com\/de\/wp-json\/wp\/v2\/media?parent=3347"}],"curies":[{"name":"wp","href":"https:\/\/api.w.org\/{rel}","templated":true}]}}