{"id":3312,"date":"2023-03-15T10:30:35","date_gmt":"2023-03-15T09:30:35","guid":{"rendered":"https:\/\/tiptopeurope.com\/konfigurator\/"},"modified":"2023-04-05T10:49:07","modified_gmt":"2023-04-05T08:49:07","slug":"konfigurator","status":"publish","type":"page","link":"https:\/\/tiptopeurope.com\/de\/konfigurator\/","title":{"rendered":"Konfigurator"},"content":{"rendered":"\n<div class=\"wp-block-columns is-layout-flex wp-container-core-columns-is-layout-9d6595d7 wp-block-columns-is-layout-flex\">\n<div class=\"wp-block-column is-layout-flow wp-block-column-is-layout-flow\">\n<div class=\"wp-block-buttons is-content-justification-center is-layout-flex wp-container-core-buttons-is-layout-16018d1d wp-block-buttons-is-layout-flex\">\n<div class=\"wp-block-button has-custom-font-size has-medium-font-size\"><a class=\"wp-block-button__link has-white-color has-black-background-color has-text-color has-background\" href=\"https:\/\/tiptopeurope.com\/de\/konfigurator\/konfigurator-mini-caravan-original\/\" style=\"border-radius:100px\">Konfigurieren Sie Ihr TipTop Original !<\/a><\/div>\n<\/div>\n\n\n\n<p>TipTop Original: mit K\u00fcche und Schlafzimmer! Der komfortabelste Mini-Caravan f\u00fcr bis zu 4 Personen!<\/p>\n<\/div>\n\n\n\n<div class=\"wp-block-column is-layout-flow wp-block-column-is-layout-flow\">\n<div class=\"wp-block-buttons is-content-justification-center is-layout-flex wp-container-core-buttons-is-layout-16018d1d wp-block-buttons-is-layout-flex\">\n<div class=\"wp-block-button has-custom-font-size has-medium-font-size\"><a class=\"wp-block-button__link has-white-color has-black-background-color has-text-color has-background\" href=\"https:\/\/tiptopeurope.com\/de\/konfigurator\/konfigurator-mini-caravan-evolution\/\" style=\"border-radius:100px\">Konfigurieren Sie Ihr TipTop Evolution !<\/a><\/div>\n<\/div>\n\n\n\n<p>TipTop Evolution: grosser Laderaum und optionales Dachzelt!<\/p>\n<\/div>\n<\/div>\n\n<div class=\"wp-block-columns is-layout-flex wp-container-core-columns-is-layout-9d6595d7 wp-block-columns-is-layout-flex\">\n<div class=\"wp-block-column is-layout-flow wp-block-column-is-layout-flow\">\n<figure class=\"wp-block-gallery has-nested-images columns-default is-cropped wp-block-gallery-1 is-layout-flex wp-block-gallery-is-layout-flex\">\n<figure class=\"wp-block-image size-large\"><img loading=\"lazy\" decoding=\"async\" width=\"768\" height=\"1024\" data-id=\"1653\" src=\"https:\/\/tiptopeurope.com\/wp-content\/uploads\/2022\/05\/Cuisine-1-768x1024.jpg\" alt=\"\" class=\"wp-image-1653\" srcset=\"https:\/\/tiptopeurope.com\/wp-content\/uploads\/2022\/05\/Cuisine-1-768x1024.jpg 768w, https:\/\/tiptopeurope.com\/wp-content\/uploads\/2022\/05\/Cuisine-1-225x300.jpg 225w, https:\/\/tiptopeurope.com\/wp-content\/uploads\/2022\/05\/Cuisine-1-1152x1536.jpg 1152w, https:\/\/tiptopeurope.com\/wp-content\/uploads\/2022\/05\/Cuisine-1-1536x2048.jpg 1536w, https:\/\/tiptopeurope.com\/wp-content\/uploads\/2022\/05\/Cuisine-1-scaled.jpg 1920w\" sizes=\"auto, (max-width: 768px) 100vw, 768px\" \/><\/figure>\n\n\n<figure class=\"wp-block-image size-large\"><img loading=\"lazy\" decoding=\"async\" width=\"1024\" height=\"619\" data-id=\"2320\" src=\"https:\/\/tiptopeurope.com\/wp-content\/uploads\/2022\/10\/Capture-decran-2022-10-29-225050-1024x619.jpg\" alt=\"\" class=\"wp-image-2320\" srcset=\"https:\/\/tiptopeurope.com\/wp-content\/uploads\/2022\/10\/Capture-decran-2022-10-29-225050-1024x619.jpg 1024w, https:\/\/tiptopeurope.com\/wp-content\/uploads\/2022\/10\/Capture-decran-2022-10-29-225050-300x181.jpg 300w, https:\/\/tiptopeurope.com\/wp-content\/uploads\/2022\/10\/Capture-decran-2022-10-29-225050-768x464.jpg 768w, https:\/\/tiptopeurope.com\/wp-content\/uploads\/2022\/10\/Capture-decran-2022-10-29-225050-1536x929.jpg 1536w, https:\/\/tiptopeurope.com\/wp-content\/uploads\/2022\/10\/Capture-decran-2022-10-29-225050.jpg 1591w\" sizes=\"auto, (max-width: 1024px) 100vw, 1024px\" \/><\/figure><\/figure>\n<\/div>\n<\/div>\n","protected":false},"excerpt":{"rendered":"<p>TipTop Original: mit K\u00fcche und Schlafzimmer! Der komfortabelste Mini-Caravan f\u00fcr bis zu 4 Personen! TipTop Evolution: grosser Laderaum und optionales Dachzelt!<\/p>\n","protected":false},"author":1,"featured_media":0,"parent":0,"menu_order":19,"comment_status":"closed","ping_status":"closed","template":"","meta":{"_acf_changed":false,"footnotes":""},"class_list":["post-3312","page","type-page","status-publish","hentry"],"acf":[],"yoast_head":"<!-- This site is optimized with the Yoast SEO plugin v27.3 - https:\/\/yoast.com\/product\/yoast-seo-wordpress\/ -->\n<title>Konfigurator - TipTop Europe<\/title>\n<meta name=\"description\" content=\"Konfigurieren Sie Ihren Mini-Wohnwagen online, w\u00e4hlen Sie Farbe, Finish und die vielen verf\u00fcgbaren Optionen und Zubeh\u00f6rteile.\" \/>\n<meta name=\"robots\" content=\"index, follow, max-snippet:-1, max-image-preview:large, max-video-preview:-1\" \/>\n<link rel=\"canonical\" href=\"https:\/\/tiptopeurope.com\/de\/konfigurator\/\" \/>\n<meta property=\"og:locale\" content=\"de_DE\" \/>\n<meta property=\"og:type\" content=\"article\" \/>\n<meta property=\"og:title\" content=\"Konfigurator - TipTop Europe\" \/>\n<meta property=\"og:description\" content=\"Konfigurieren Sie Ihren Mini-Wohnwagen online, w\u00e4hlen Sie Farbe, Finish und die vielen verf\u00fcgbaren Optionen und Zubeh\u00f6rteile.\" \/>\n<meta property=\"og:url\" content=\"https:\/\/tiptopeurope.com\/de\/konfigurator\/\" \/>\n<meta property=\"og:site_name\" content=\"TipTop Europe\" \/>\n<meta property=\"article:modified_time\" content=\"2023-04-05T08:49:07+00:00\" \/>\n<meta property=\"og:image\" content=\"https:\/\/tiptopeurope.com\/wp-content\/uploads\/2022\/05\/Cuisine-1-768x1024.jpg\" \/>\n<meta name=\"twitter:card\" content=\"summary_large_image\" \/>\n<meta name=\"twitter:label1\" content=\"Gesch\u00e4tzte Lesezeit\" \/>\n\t<meta name=\"twitter:data1\" content=\"1\u00a0Minute\" \/>\n<script type=\"application\/ld+json\" class=\"yoast-schema-graph\">{\"@context\":\"https:\\\/\\\/schema.org\",\"@graph\":[{\"@type\":\"WebPage\",\"@id\":\"https:\\\/\\\/tiptopeurope.com\\\/de\\\/konfigurator\\\/\",\"url\":\"https:\\\/\\\/tiptopeurope.com\\\/de\\\/konfigurator\\\/\",\"name\":\"Konfigurator - TipTop Europe\",\"isPartOf\":{\"@id\":\"https:\\\/\\\/tiptopeurope.com\\\/de\\\/#website\"},\"primaryImageOfPage\":{\"@id\":\"https:\\\/\\\/tiptopeurope.com\\\/de\\\/konfigurator\\\/#primaryimage\"},\"image\":{\"@id\":\"https:\\\/\\\/tiptopeurope.com\\\/de\\\/konfigurator\\\/#primaryimage\"},\"thumbnailUrl\":\"https:\\\/\\\/tiptopeurope.com\\\/wp-content\\\/uploads\\\/2022\\\/05\\\/Cuisine-1-768x1024.jpg\",\"datePublished\":\"2023-03-15T09:30:35+00:00\",\"dateModified\":\"2023-04-05T08:49:07+00:00\",\"description\":\"Konfigurieren Sie Ihren Mini-Wohnwagen online, w\u00e4hlen Sie Farbe, Finish und die vielen verf\u00fcgbaren Optionen und Zubeh\u00f6rteile.\",\"breadcrumb\":{\"@id\":\"https:\\\/\\\/tiptopeurope.com\\\/de\\\/konfigurator\\\/#breadcrumb\"},\"inLanguage\":\"de\",\"potentialAction\":[{\"@type\":\"ReadAction\",\"target\":[\"https:\\\/\\\/tiptopeurope.com\\\/de\\\/konfigurator\\\/\"]}]},{\"@type\":\"ImageObject\",\"inLanguage\":\"de\",\"@id\":\"https:\\\/\\\/tiptopeurope.com\\\/de\\\/konfigurator\\\/#primaryimage\",\"url\":\"https:\\\/\\\/tiptopeurope.com\\\/wp-content\\\/uploads\\\/2022\\\/05\\\/Cuisine-1-768x1024.jpg\",\"contentUrl\":\"https:\\\/\\\/tiptopeurope.com\\\/wp-content\\\/uploads\\\/2022\\\/05\\\/Cuisine-1-768x1024.jpg\"},{\"@type\":\"BreadcrumbList\",\"@id\":\"https:\\\/\\\/tiptopeurope.com\\\/de\\\/konfigurator\\\/#breadcrumb\",\"itemListElement\":[{\"@type\":\"ListItem\",\"position\":1,\"name\":\"Accueil\",\"item\":\"https:\\\/\\\/tiptopeurope.com\\\/de\\\/\"},{\"@type\":\"ListItem\",\"position\":2,\"name\":\"Konfigurator\"}]},{\"@type\":\"WebSite\",\"@id\":\"https:\\\/\\\/tiptopeurope.com\\\/de\\\/#website\",\"url\":\"https:\\\/\\\/tiptopeurope.com\\\/de\\\/\",\"name\":\"TipTop Europe\",\"description\":\"Voyagez avec tout ce qui compte vraiment\",\"publisher\":{\"@id\":\"https:\\\/\\\/tiptopeurope.com\\\/de\\\/#organization\"},\"potentialAction\":[{\"@type\":\"SearchAction\",\"target\":{\"@type\":\"EntryPoint\",\"urlTemplate\":\"https:\\\/\\\/tiptopeurope.com\\\/de\\\/?s={search_term_string}\"},\"query-input\":{\"@type\":\"PropertyValueSpecification\",\"valueRequired\":true,\"valueName\":\"search_term_string\"}}],\"inLanguage\":\"de\"},{\"@type\":\"Organization\",\"@id\":\"https:\\\/\\\/tiptopeurope.com\\\/de\\\/#organization\",\"name\":\"TipTop Europe\",\"url\":\"https:\\\/\\\/tiptopeurope.com\\\/de\\\/\",\"logo\":{\"@type\":\"ImageObject\",\"inLanguage\":\"de\",\"@id\":\"https:\\\/\\\/tiptopeurope.com\\\/de\\\/#\\\/schema\\\/logo\\\/image\\\/\",\"url\":\"https:\\\/\\\/tiptopeurope.com\\\/wp-content\\\/uploads\\\/2021\\\/10\\\/logo_tip-top@x2.png\",\"contentUrl\":\"https:\\\/\\\/tiptopeurope.com\\\/wp-content\\\/uploads\\\/2021\\\/10\\\/logo_tip-top@x2.png\",\"width\":226,\"height\":140,\"caption\":\"TipTop Europe\"},\"image\":{\"@id\":\"https:\\\/\\\/tiptopeurope.com\\\/de\\\/#\\\/schema\\\/logo\\\/image\\\/\"}}]}<\/script>\n<!-- \/ Yoast SEO plugin. -->","yoast_head_json":{"title":"Konfigurator - TipTop Europe","description":"Konfigurieren Sie Ihren Mini-Wohnwagen online, w\u00e4hlen Sie Farbe, Finish und die vielen verf\u00fcgbaren Optionen und Zubeh\u00f6rteile.","robots":{"index":"index","follow":"follow","max-snippet":"max-snippet:-1","max-image-preview":"max-image-preview:large","max-video-preview":"max-video-preview:-1"},"canonical":"https:\/\/tiptopeurope.com\/de\/konfigurator\/","og_locale":"de_DE","og_type":"article","og_title":"Konfigurator - TipTop Europe","og_description":"Konfigurieren Sie Ihren Mini-Wohnwagen online, w\u00e4hlen Sie Farbe, Finish und die vielen verf\u00fcgbaren Optionen und Zubeh\u00f6rteile.","og_url":"https:\/\/tiptopeurope.com\/de\/konfigurator\/","og_site_name":"TipTop Europe","article_modified_time":"2023-04-05T08:49:07+00:00","og_image":[{"url":"https:\/\/tiptopeurope.com\/wp-content\/uploads\/2022\/05\/Cuisine-1-768x1024.jpg","type":"","width":"","height":""}],"twitter_card":"summary_large_image","twitter_misc":{"Gesch\u00e4tzte Lesezeit":"1\u00a0Minute"},"schema":{"@context":"https:\/\/schema.org","@graph":[{"@type":"WebPage","@id":"https:\/\/tiptopeurope.com\/de\/konfigurator\/","url":"https:\/\/tiptopeurope.com\/de\/konfigurator\/","name":"Konfigurator - TipTop Europe","isPartOf":{"@id":"https:\/\/tiptopeurope.com\/de\/#website"},"primaryImageOfPage":{"@id":"https:\/\/tiptopeurope.com\/de\/konfigurator\/#primaryimage"},"image":{"@id":"https:\/\/tiptopeurope.com\/de\/konfigurator\/#primaryimage"},"thumbnailUrl":"https:\/\/tiptopeurope.com\/wp-content\/uploads\/2022\/05\/Cuisine-1-768x1024.jpg","datePublished":"2023-03-15T09:30:35+00:00","dateModified":"2023-04-05T08:49:07+00:00","description":"Konfigurieren Sie Ihren Mini-Wohnwagen online, w\u00e4hlen Sie Farbe, Finish und die vielen verf\u00fcgbaren Optionen und Zubeh\u00f6rteile.","breadcrumb":{"@id":"https:\/\/tiptopeurope.com\/de\/konfigurator\/#breadcrumb"},"inLanguage":"de","potentialAction":[{"@type":"ReadAction","target":["https:\/\/tiptopeurope.com\/de\/konfigurator\/"]}]},{"@type":"ImageObject","inLanguage":"de","@id":"https:\/\/tiptopeurope.com\/de\/konfigurator\/#primaryimage","url":"https:\/\/tiptopeurope.com\/wp-content\/uploads\/2022\/05\/Cuisine-1-768x1024.jpg","contentUrl":"https:\/\/tiptopeurope.com\/wp-content\/uploads\/2022\/05\/Cuisine-1-768x1024.jpg"},{"@type":"BreadcrumbList","@id":"https:\/\/tiptopeurope.com\/de\/konfigurator\/#breadcrumb","itemListElement":[{"@type":"ListItem","position":1,"name":"Accueil","item":"https:\/\/tiptopeurope.com\/de\/"},{"@type":"ListItem","position":2,"name":"Konfigurator"}]},{"@type":"WebSite","@id":"https:\/\/tiptopeurope.com\/de\/#website","url":"https:\/\/tiptopeurope.com\/de\/","name":"TipTop Europe","description":"Voyagez avec tout ce qui compte vraiment","publisher":{"@id":"https:\/\/tiptopeurope.com\/de\/#organization"},"potentialAction":[{"@type":"SearchAction","target":{"@type":"EntryPoint","urlTemplate":"https:\/\/tiptopeurope.com\/de\/?s={search_term_string}"},"query-input":{"@type":"PropertyValueSpecification","valueRequired":true,"valueName":"search_term_string"}}],"inLanguage":"de"},{"@type":"Organization","@id":"https:\/\/tiptopeurope.com\/de\/#organization","name":"TipTop Europe","url":"https:\/\/tiptopeurope.com\/de\/","logo":{"@type":"ImageObject","inLanguage":"de","@id":"https:\/\/tiptopeurope.com\/de\/#\/schema\/logo\/image\/","url":"https:\/\/tiptopeurope.com\/wp-content\/uploads\/2021\/10\/logo_tip-top@x2.png","contentUrl":"https:\/\/tiptopeurope.com\/wp-content\/uploads\/2021\/10\/logo_tip-top@x2.png","width":226,"height":140,"caption":"TipTop Europe"},"image":{"@id":"https:\/\/tiptopeurope.com\/de\/#\/schema\/logo\/image\/"}}]}},"_links":{"self":[{"href":"https:\/\/tiptopeurope.com\/de\/wp-json\/wp\/v2\/pages\/3312","targetHints":{"allow":["GET"]}}],"collection":[{"href":"https:\/\/tiptopeurope.com\/de\/wp-json\/wp\/v2\/pages"}],"about":[{"href":"https:\/\/tiptopeurope.com\/de\/wp-json\/wp\/v2\/types\/page"}],"author":[{"embeddable":true,"href":"https:\/\/tiptopeurope.com\/de\/wp-json\/wp\/v2\/users\/1"}],"replies":[{"embeddable":true,"href":"https:\/\/tiptopeurope.com\/de\/wp-json\/wp\/v2\/comments?post=3312"}],"version-history":[{"count":8,"href":"https:\/\/tiptopeurope.com\/de\/wp-json\/wp\/v2\/pages\/3312\/revisions"}],"predecessor-version":[{"id":3378,"href":"https:\/\/tiptopeurope.com\/de\/wp-json\/wp\/v2\/pages\/3312\/revisions\/3378"}],"wp:attachment":[{"href":"https:\/\/tiptopeurope.com\/de\/wp-json\/wp\/v2\/media?parent=3312"}],"curies":[{"name":"wp","href":"https:\/\/api.w.org\/{rel}","templated":true}]}}