{"id":3304,"date":"2023-03-14T15:02:15","date_gmt":"2023-03-14T14:02:15","guid":{"rendered":"https:\/\/tiptopeurope.com\/optionen-und-einrichtungen\/"},"modified":"2023-04-04T10:05:06","modified_gmt":"2023-04-04T08:05:06","slug":"optionen-und-einrichtungen","status":"publish","type":"page","link":"https:\/\/tiptopeurope.com\/de\/optionen-und-einrichtungen\/","title":{"rendered":"Optionen und Einrichtungen"},"content":{"rendered":"\n<div class=\"wp-block-columns is-layout-flex wp-container-core-columns-is-layout-9d6595d7 wp-block-columns-is-layout-flex\">\n<div class=\"wp-block-column is-layout-flow wp-block-column-is-layout-flow\">\n<p>Exklusiv f\u00fcr unsere TipTop Mini-Wohnwagen entwickelt, erg\u00e4nzen die Optionen und Annehmlichkeiten Ihren Teardrop, um ihn noch mehr zu genie\u00dfen!<\/p>\n<\/div>\n<\/div>\n\n<h2 class=\"wp-block-heading\">Segeltuchbeschl\u00e4ge f\u00fcr TipTop Mini-Wohnwagen!<\/h2>\n\n<div class=\"wp-block-columns are-vertically-aligned-center is-layout-flex wp-container-core-columns-is-layout-9d6595d7 wp-block-columns-is-layout-flex\">\n<div class=\"wp-block-column is-vertically-aligned-center is-layout-flow wp-block-column-is-layout-flow\" style=\"flex-basis:50%\"><div class=\"wp-block-image\">\n<figure class=\"aligncenter size-full is-resized\"><img loading=\"lazy\" decoding=\"async\" src=\"https:\/\/tiptopeurope.com\/wp-content\/uploads\/2022\/06\/Tente-de-toit.png\" alt=\"\" class=\"wp-image-1897\" width=\"352\" height=\"275\" srcset=\"https:\/\/tiptopeurope.com\/wp-content\/uploads\/2022\/06\/Tente-de-toit.png 731w, https:\/\/tiptopeurope.com\/wp-content\/uploads\/2022\/06\/Tente-de-toit-300x235.png 300w\" sizes=\"auto, (max-width: 352px) 100vw, 352px\" \/><\/figure><\/div><\/div>\n\n\n\n<div class=\"wp-block-column is-vertically-aligned-center is-layout-flow wp-block-column-is-layout-flow\" style=\"flex-basis:50%\">\n<h4 class=\"wp-block-heading\">Das aufblasbare Dachzelt<\/h4>\n\n\n\n<p>Das aufblasbare Dachzelt (TipTop Patent!) integriert in die Dachkonstruktion Ihres Mini-Wohnwagens bietet ein zus\u00e4tzliches Bett von 135&#215;200 cm. Es entfaltet sich in nur 5 Minuten!<\/p>\n<\/div>\n<\/div>\n\n<div class=\"wp-block-columns are-vertically-aligned-center is-layout-flex wp-container-core-columns-is-layout-9d6595d7 wp-block-columns-is-layout-flex\">\n<div class=\"wp-block-column is-vertically-aligned-center is-layout-flow wp-block-column-is-layout-flow\" style=\"flex-basis:50%\">\n<h4 class=\"wp-block-heading\">Die aufblasbare Seitenmarkise<\/h4>\n\n\n\n<p>Die seitliche aufblasbare Markise mit ihren W\u00e4nden erm\u00f6glicht es Ihnen, einen zus\u00e4tzlichen gesch\u00fctzten Raum zu bekommen, um Ihre TipTop bei jedem Wetter zu genie\u00dfen!<\/p>\n<\/div>\n\n\n\n<div class=\"wp-block-column is-vertically-aligned-center is-layout-flow wp-block-column-is-layout-flow\" style=\"flex-basis:50%\"><div class=\"wp-block-image\">\n<figure class=\"aligncenter size-full is-resized\"><img loading=\"lazy\" decoding=\"async\" src=\"https:\/\/tiptopeurope.com\/wp-content\/uploads\/2022\/06\/Auvent-gonflable-lateral.png\" alt=\"\" class=\"wp-image-1901\" width=\"241\" height=\"176\" srcset=\"https:\/\/tiptopeurope.com\/wp-content\/uploads\/2022\/06\/Auvent-gonflable-lateral.png 731w, https:\/\/tiptopeurope.com\/wp-content\/uploads\/2022\/06\/Auvent-gonflable-lateral-300x220.png 300w\" sizes=\"auto, (max-width: 241px) 100vw, 241px\" \/><\/figure><\/div><\/div>\n<\/div>\n\n<div class=\"wp-block-columns are-vertically-aligned-center is-layout-flex wp-container-core-columns-is-layout-9d6595d7 wp-block-columns-is-layout-flex\">\n<div class=\"wp-block-column is-vertically-aligned-center is-layout-flow wp-block-column-is-layout-flow\" style=\"flex-basis:50%\"><div class=\"wp-block-image\">\n<figure class=\"aligncenter size-full is-resized\"><img loading=\"lazy\" decoding=\"async\" src=\"https:\/\/tiptopeurope.com\/wp-content\/uploads\/2022\/06\/Annexe-1.png\" alt=\"\" class=\"wp-image-1907\" width=\"312\" height=\"218\" \/><\/figure><\/div><\/div>\n\n\n\n<div class=\"wp-block-column is-vertically-aligned-center is-layout-flow wp-block-column-is-layout-flow\" style=\"flex-basis:50%\">\n<h4 class=\"wp-block-heading\">Der Anbau f\u00fcr das Dachzelt<\/h4>\n\n\n\n<p>Der Anbau befindet sich unter dem Dachzelt, wenn er ausgeklappt ist, so dass Sie von einem neuen privaten Raum profitieren k\u00f6nnen.<\/p>\n<\/div>\n<\/div>\n\n<div class=\"wp-block-columns are-vertically-aligned-center is-layout-flex wp-container-core-columns-is-layout-9d6595d7 wp-block-columns-is-layout-flex\">\n<div class=\"wp-block-column is-vertically-aligned-center is-layout-flow wp-block-column-is-layout-flow\" style=\"flex-basis:50%\">\n<h4 class=\"wp-block-heading\">Die K\u00fcchenkabine<\/h4>\n\n\n\n<p>Genie\u00dfen Sie mit der K\u00fcchenkabine einen Raum zum Kochen, der vor den Elementen gesch\u00fctzt ist, wo immer Sie sind. Es kann zus\u00e4tzlich zur Markise oder unabh\u00e4ngig voneinander installiert werden.<\/p>\n<\/div>\n\n\n\n<div class=\"wp-block-column is-vertically-aligned-center is-layout-flow wp-block-column-is-layout-flow\" style=\"flex-basis:50%\"><div class=\"wp-block-image\">\n<figure class=\"aligncenter size-full is-resized\"><img loading=\"lazy\" decoding=\"async\" src=\"https:\/\/tiptopeurope.com\/wp-content\/uploads\/2022\/06\/Cabine-de-cuisine2.png\" alt=\"\" class=\"wp-image-1903\" width=\"308\" height=\"223\" srcset=\"https:\/\/tiptopeurope.com\/wp-content\/uploads\/2022\/06\/Cabine-de-cuisine2.png 607w, https:\/\/tiptopeurope.com\/wp-content\/uploads\/2022\/06\/Cabine-de-cuisine2-300x217.png 300w\" sizes=\"auto, (max-width: 308px) 100vw, 308px\" \/><\/figure><\/div><\/div>\n<\/div>\n\n<div class=\"wp-block-columns are-vertically-aligned-center is-layout-flex wp-container-core-columns-is-layout-9d6595d7 wp-block-columns-is-layout-flex\">\n<div class=\"wp-block-column is-vertically-aligned-center is-layout-flow wp-block-column-is-layout-flow\" style=\"flex-basis:50%\"><\/div>\n\n\n\n<div class=\"wp-block-column is-vertically-aligned-center is-layout-flow wp-block-column-is-layout-flow\" style=\"flex-basis:50%\">\n<h4 class=\"wp-block-heading\">Die Hygienekabine<\/h4>\n\n\n\n<p>Mit der Hygienekabine profitieren Sie von einer einfachen L\u00f6sung, um sich in absoluter Privatsph\u00e4re um sich selbst zu k\u00fcmmern.<\/p>\n<\/div>\n<\/div>\n\n<hr class=\"wp-block-separator has-alpha-channel-opacity is-style-wide\" \/>\n\n<h2 class=\"wp-block-heading\">Au\u00dfenkarosserie<\/h2>\n\n<div class=\"wp-block-columns are-vertically-aligned-center is-layout-flex wp-container-core-columns-is-layout-9d6595d7 wp-block-columns-is-layout-flex\">\n<div class=\"wp-block-column is-vertically-aligned-center is-layout-flow wp-block-column-is-layout-flow\" style=\"flex-basis:50%\">\n<h4 class=\"wp-block-heading\">Metallische Farbe<\/h4>\n\n\n\n<p>Passen Sie Ihre Kupplung an die gew\u00fcnschte Farbe an.<\/p>\n<\/div>\n\n\n\n<div class=\"wp-block-column is-vertically-aligned-center is-layout-flow wp-block-column-is-layout-flow\" style=\"flex-basis:50%\"><\/div>\n<\/div>\n\n<div class=\"wp-block-columns are-vertically-aligned-center is-layout-flex wp-container-core-columns-is-layout-9d6595d7 wp-block-columns-is-layout-flex\">\n<div class=\"wp-block-column is-vertically-aligned-center is-layout-flow wp-block-column-is-layout-flow\" style=\"flex-basis:50%\"><div class=\"wp-block-image\">\n<figure class=\"aligncenter size-full is-resized\"><img loading=\"lazy\" decoding=\"async\" src=\"https:\/\/tiptopeurope.com\/wp-content\/uploads\/2022\/06\/Coloris-gris.png\" alt=\"\" class=\"wp-image-1905\" width=\"308\" height=\"216\" srcset=\"https:\/\/tiptopeurope.com\/wp-content\/uploads\/2022\/06\/Coloris-gris.png 592w, https:\/\/tiptopeurope.com\/wp-content\/uploads\/2022\/06\/Coloris-gris-300x210.png 300w\" sizes=\"auto, (max-width: 308px) 100vw, 308px\" \/><\/figure><\/div><\/div>\n\n\n\n<div class=\"wp-block-column is-vertically-aligned-center is-layout-flow wp-block-column-is-layout-flow\" style=\"flex-basis:50%\">\n<h4 class=\"wp-block-heading\">Seitliche Abdeckung<\/h4>\n\n\n\n<p>Vervollst\u00e4ndigen Sie das Design Ihres TipTop Mini-Wohnwagens mit dieser Seitenabdeckung.<\/p>\n<\/div>\n<\/div>\n\n<hr class=\"wp-block-separator has-alpha-channel-opacity is-style-wide\" \/>\n\n<h2 class=\"wp-block-heading\">Energie<\/h2>\n\n<div class=\"wp-block-columns is-layout-flex wp-container-core-columns-is-layout-9d6595d7 wp-block-columns-is-layout-flex\">\n<div class=\"wp-block-column is-layout-flow wp-block-column-is-layout-flow\">\n<h4 class=\"wp-block-heading\">650W oder 1600W Konverter<\/h4>\n\n\n\n<p>Verwenden Sie Ihre 220V-Steckdosen ohne Anschluss an eine elektrische Quelle.<\/p>\n<\/div>\n\n\n\n<div class=\"wp-block-column is-layout-flow wp-block-column-is-layout-flow\">\n<h4 class=\"wp-block-heading\">100A Lithium-Batterie<\/h4>\n\n\n\n<p>Genie\u00dfen Sie eine erweiterte elektrische Reichweite mit der Lithium-Batterie.<\/p>\n<\/div>\n<\/div>\n\n<div class=\"wp-block-columns is-layout-flex wp-container-core-columns-is-layout-9d6595d7 wp-block-columns-is-layout-flex\">\n<div class=\"wp-block-column is-layout-flow wp-block-column-is-layout-flow\">\n<h4 class=\"wp-block-heading\">Abnehmbares Solarpanel<\/h4>\n\n\n\n<p>Dieses 150W Solarpanel, das mit der Installation eines Solarkonverters verkauft wird, ist ideal, um das TipTop noch autonomer zu machen!<\/p>\n<\/div>\n\n\n\n<div class=\"wp-block-column is-layout-flow wp-block-column-is-layout-flow\">\n<h4 class=\"wp-block-heading\">DELTA Max 1600 Tragbares Kraftwerk (126Ah)<\/h4>\n\n\n\n<p>Das tragbare Kraftwerk EcoFlow DELTA Max stellt den neuen Standard f\u00fcr Batteriegeneratoren dar. Einfach aufzuladen und mit einer Vielzahl von Ger\u00e4ten kompatibel, k\u00f6nnen Sie stundenlang mit Strom versorgt werden, wo immer Sie sind.<\/p>\n<\/div>\n<\/div>\n\n<hr class=\"wp-block-separator has-alpha-channel-opacity is-style-wide\" \/>\n\n<h2 class=\"wp-block-heading\">Kompfort<\/h2>\n\n<div class=\"wp-block-columns is-layout-flex wp-container-core-columns-is-layout-9d6595d7 wp-block-columns-is-layout-flex\">\n<div class=\"wp-block-column is-vertically-aligned-center is-layout-flow wp-block-column-is-layout-flow\">\n<h4 class=\"wp-block-heading\">Einstellbarer pneumatischer Sto\u00dfd\u00e4mpfer<\/h4>\n\n\n\n<p>Fahrkomfort, erh\u00f6hte Bodenfreiheit f\u00fcr Kreuzungen, vereinfachte Nivellierung&#8230; Diese Option bietet Ihnen mehrere Vorteile!<\/p>\n<\/div>\n\n\n\n<div class=\"wp-block-column is-layout-flow wp-block-column-is-layout-flow\"><div class=\"wp-block-image\">\n<figure class=\"aligncenter size-large is-resized\"><img loading=\"lazy\" decoding=\"async\" src=\"https:\/\/tiptopeurope.com\/wp-content\/uploads\/2022\/06\/Commande-Suspension-pneumatique-1024x768.jpg\" alt=\"\" class=\"wp-image-1911\" width=\"273\" height=\"205\" srcset=\"https:\/\/tiptopeurope.com\/wp-content\/uploads\/2022\/06\/Commande-Suspension-pneumatique-1024x768.jpg 1024w, https:\/\/tiptopeurope.com\/wp-content\/uploads\/2022\/06\/Commande-Suspension-pneumatique-300x225.jpg 300w, https:\/\/tiptopeurope.com\/wp-content\/uploads\/2022\/06\/Commande-Suspension-pneumatique-768x576.jpg 768w, https:\/\/tiptopeurope.com\/wp-content\/uploads\/2022\/06\/Commande-Suspension-pneumatique-1536x1152.jpg 1536w, https:\/\/tiptopeurope.com\/wp-content\/uploads\/2022\/06\/Commande-Suspension-pneumatique-2048x1536.jpg 2048w\" sizes=\"auto, (max-width: 273px) 100vw, 273px\" \/><figcaption class=\"wp-element-caption\">Luftfederung Steuerung<\/figcaption><\/figure><\/div><\/div>\n<\/div>\n\n<div class=\"wp-block-columns are-vertically-aligned-center is-layout-flex wp-container-core-columns-is-layout-9d6595d7 wp-block-columns-is-layout-flex\">\n<div class=\"wp-block-column is-vertically-aligned-center is-layout-flow wp-block-column-is-layout-flow\" style=\"flex-basis:50%\"><div class=\"wp-block-image\">\n<figure class=\"aligncenter size-large is-resized\"><img loading=\"lazy\" decoding=\"async\" src=\"https:\/\/tiptopeurope.com\/wp-content\/uploads\/2022\/06\/Air-Top-Evo-40-55__gallery__1-1024x576.jpg\" alt=\"\" class=\"wp-image-2025\" width=\"384\" height=\"216\" srcset=\"https:\/\/tiptopeurope.com\/wp-content\/uploads\/2022\/06\/Air-Top-Evo-40-55__gallery__1-1024x576.jpg 1024w, https:\/\/tiptopeurope.com\/wp-content\/uploads\/2022\/06\/Air-Top-Evo-40-55__gallery__1-300x169.jpg 300w, https:\/\/tiptopeurope.com\/wp-content\/uploads\/2022\/06\/Air-Top-Evo-40-55__gallery__1-768x432.jpg 768w, https:\/\/tiptopeurope.com\/wp-content\/uploads\/2022\/06\/Air-Top-Evo-40-55__gallery__1-1536x864.jpg 1536w, https:\/\/tiptopeurope.com\/wp-content\/uploads\/2022\/06\/Air-Top-Evo-40-55__gallery__1.jpg 1920w\" sizes=\"auto, (max-width: 384px) 100vw, 384px\" \/><\/figure><\/div><\/div>\n\n\n\n<div class=\"wp-block-column is-vertically-aligned-center is-layout-flow wp-block-column-is-layout-flow\" style=\"flex-basis:50%\">\n<h4 class=\"wp-block-heading\">Integrierter Webasto Heizungs- und Warmwasserbereiter<\/h4>\n\n\n\n<p>Genie\u00dfen Sie Ihr TipTop zu jeder Jahreszeit mit der Heizung, die in der Kabine und im Dachzelt verwendet werden kann. Hei\u00dfes Wasser ist am Waschbecken und Schnellkupplung f\u00fcr die Handbrause verf\u00fcgbar.<\/p>\n<\/div>\n<\/div>\n\n<div class=\"wp-block-columns are-vertically-aligned-center is-layout-flex wp-container-core-columns-is-layout-9d6595d7 wp-block-columns-is-layout-flex\">\n<div class=\"wp-block-column is-vertically-aligned-center is-layout-flow wp-block-column-is-layout-flow\">\n<h4 class=\"wp-block-heading\">Alph\u00e9e Liegeplatz von Campinambulle*<\/h4>\n\n\n\n<p>NARRENSICHERE MODULARIT\u00c4T<\/p>\n\n\n\n<p>Entwickeln Sie das Kammbett nach Ihren W\u00fcnschen auf den n\u00e4chsten Zentimeter:<br \/>&#8211; Verstellung in der Breite von 60 cm bis 135 cm- L\u00e4ngenverstellung von 155 cm bis 200 cm- H\u00f6henverstellung von 20 cm bis 70 cm<br \/><br \/><\/p>\n\n\n\n<p><em>*nur auf Evolution verf\u00fcgbar<\/em><\/p>\n<\/div>\n\n\n\n<div class=\"wp-block-column is-vertically-aligned-center is-layout-flow wp-block-column-is-layout-flow\"><div class=\"wp-block-image\">\n<figure class=\"aligncenter size-full\"><img loading=\"lazy\" decoding=\"async\" width=\"590\" height=\"393\" src=\"https:\/\/tiptopeurope.com\/wp-content\/uploads\/2022\/06\/Couchette-Alphee-by-Campinambulle-Evolution.png\" alt=\"\" class=\"wp-image-2037\" srcset=\"https:\/\/tiptopeurope.com\/wp-content\/uploads\/2022\/06\/Couchette-Alphee-by-Campinambulle-Evolution.png 590w, https:\/\/tiptopeurope.com\/wp-content\/uploads\/2022\/06\/Couchette-Alphee-by-Campinambulle-Evolution-300x200.png 300w\" sizes=\"auto, (max-width: 590px) 100vw, 590px\" \/><\/figure><\/div><\/div>\n<\/div>\n","protected":false},"excerpt":{"rendered":"<p>Exklusiv f\u00fcr unsere TipTop Mini-Wohnwagen entwickelt, erg\u00e4nzen die Optionen und Annehmlichkeiten Ihren Teardrop, um ihn noch mehr zu genie\u00dfen! Segeltuchbeschl\u00e4ge f\u00fcr TipTop Mini-Wohnwagen! Das aufblasbare Dachzelt Das aufblasbare Dachzelt (TipTop Patent!) integriert in die Dachkonstruktion Ihres Mini-Wohnwagens bietet ein zus\u00e4tzliches Bett von 135&#215;200 cm. Es entfaltet sich in nur 5 Minuten! Die aufblasbare Seitenmarkise Die [&hellip;]<\/p>\n","protected":false},"author":3,"featured_media":0,"parent":0,"menu_order":0,"comment_status":"closed","ping_status":"closed","template":"","meta":{"_acf_changed":false,"footnotes":""},"class_list":["post-3304","page","type-page","status-publish","hentry"],"acf":[],"yoast_head":"<!-- This site is optimized with the Yoast SEO plugin v27.4 - https:\/\/yoast.com\/product\/yoast-seo-wordpress\/ -->\n<title>Optionen und Einrichtungen - TipTop Europe<\/title>\n<meta name=\"description\" content=\"Hier finden Sie die verschiedenen Optionen und Einrichtungen f\u00fcr Ihren TipTop Mini-Wohnwagen. Dachzelt, Markise, Luftfederung...\" \/>\n<meta name=\"robots\" content=\"index, follow, max-snippet:-1, max-image-preview:large, max-video-preview:-1\" \/>\n<link rel=\"canonical\" href=\"https:\/\/tiptopeurope.com\/de\/optionen-und-einrichtungen\/\" \/>\n<meta property=\"og:locale\" content=\"de_DE\" \/>\n<meta property=\"og:type\" content=\"article\" \/>\n<meta property=\"og:title\" content=\"Optionen und Einrichtungen - TipTop Europe\" \/>\n<meta property=\"og:description\" content=\"Hier finden Sie die verschiedenen Optionen und Einrichtungen f\u00fcr Ihren TipTop Mini-Wohnwagen. Dachzelt, Markise, Luftfederung...\" \/>\n<meta property=\"og:url\" content=\"https:\/\/tiptopeurope.com\/de\/optionen-und-einrichtungen\/\" \/>\n<meta property=\"og:site_name\" content=\"TipTop Europe\" \/>\n<meta property=\"article:modified_time\" content=\"2023-04-04T08:05:06+00:00\" \/>\n<meta property=\"og:image\" content=\"https:\/\/tiptopeurope.com\/wp-content\/uploads\/2022\/06\/Tente-de-toit.png\" \/>\n<meta name=\"twitter:card\" content=\"summary_large_image\" \/>\n<meta name=\"twitter:label1\" content=\"Gesch\u00e4tzte Lesezeit\" \/>\n\t<meta name=\"twitter:data1\" content=\"2\u00a0Minuten\" \/>\n<script type=\"application\/ld+json\" class=\"yoast-schema-graph\">{\"@context\":\"https:\\\/\\\/schema.org\",\"@graph\":[{\"@type\":\"WebPage\",\"@id\":\"https:\\\/\\\/tiptopeurope.com\\\/de\\\/optionen-und-einrichtungen\\\/\",\"url\":\"https:\\\/\\\/tiptopeurope.com\\\/de\\\/optionen-und-einrichtungen\\\/\",\"name\":\"Optionen und Einrichtungen - TipTop Europe\",\"isPartOf\":{\"@id\":\"https:\\\/\\\/tiptopeurope.com\\\/de\\\/#website\"},\"primaryImageOfPage\":{\"@id\":\"https:\\\/\\\/tiptopeurope.com\\\/de\\\/optionen-und-einrichtungen\\\/#primaryimage\"},\"image\":{\"@id\":\"https:\\\/\\\/tiptopeurope.com\\\/de\\\/optionen-und-einrichtungen\\\/#primaryimage\"},\"thumbnailUrl\":\"https:\\\/\\\/tiptopeurope.com\\\/wp-content\\\/uploads\\\/2022\\\/06\\\/Tente-de-toit.png\",\"datePublished\":\"2023-03-14T14:02:15+00:00\",\"dateModified\":\"2023-04-04T08:05:06+00:00\",\"description\":\"Hier finden Sie die verschiedenen Optionen und Einrichtungen f\u00fcr Ihren TipTop Mini-Wohnwagen. Dachzelt, Markise, Luftfederung...\",\"breadcrumb\":{\"@id\":\"https:\\\/\\\/tiptopeurope.com\\\/de\\\/optionen-und-einrichtungen\\\/#breadcrumb\"},\"inLanguage\":\"de\",\"potentialAction\":[{\"@type\":\"ReadAction\",\"target\":[\"https:\\\/\\\/tiptopeurope.com\\\/de\\\/optionen-und-einrichtungen\\\/\"]}]},{\"@type\":\"ImageObject\",\"inLanguage\":\"de\",\"@id\":\"https:\\\/\\\/tiptopeurope.com\\\/de\\\/optionen-und-einrichtungen\\\/#primaryimage\",\"url\":\"https:\\\/\\\/tiptopeurope.com\\\/wp-content\\\/uploads\\\/2022\\\/06\\\/Tente-de-toit.png\",\"contentUrl\":\"https:\\\/\\\/tiptopeurope.com\\\/wp-content\\\/uploads\\\/2022\\\/06\\\/Tente-de-toit.png\"},{\"@type\":\"BreadcrumbList\",\"@id\":\"https:\\\/\\\/tiptopeurope.com\\\/de\\\/optionen-und-einrichtungen\\\/#breadcrumb\",\"itemListElement\":[{\"@type\":\"ListItem\",\"position\":1,\"name\":\"Accueil\",\"item\":\"https:\\\/\\\/tiptopeurope.com\\\/de\\\/\"},{\"@type\":\"ListItem\",\"position\":2,\"name\":\"Optionen und Einrichtungen\"}]},{\"@type\":\"WebSite\",\"@id\":\"https:\\\/\\\/tiptopeurope.com\\\/de\\\/#website\",\"url\":\"https:\\\/\\\/tiptopeurope.com\\\/de\\\/\",\"name\":\"TipTop Europe\",\"description\":\"Voyagez avec tout ce qui compte vraiment\",\"publisher\":{\"@id\":\"https:\\\/\\\/tiptopeurope.com\\\/de\\\/#organization\"},\"potentialAction\":[{\"@type\":\"SearchAction\",\"target\":{\"@type\":\"EntryPoint\",\"urlTemplate\":\"https:\\\/\\\/tiptopeurope.com\\\/de\\\/?s={search_term_string}\"},\"query-input\":{\"@type\":\"PropertyValueSpecification\",\"valueRequired\":true,\"valueName\":\"search_term_string\"}}],\"inLanguage\":\"de\"},{\"@type\":\"Organization\",\"@id\":\"https:\\\/\\\/tiptopeurope.com\\\/de\\\/#organization\",\"name\":\"TipTop Europe\",\"url\":\"https:\\\/\\\/tiptopeurope.com\\\/de\\\/\",\"logo\":{\"@type\":\"ImageObject\",\"inLanguage\":\"de\",\"@id\":\"https:\\\/\\\/tiptopeurope.com\\\/de\\\/#\\\/schema\\\/logo\\\/image\\\/\",\"url\":\"https:\\\/\\\/tiptopeurope.com\\\/wp-content\\\/uploads\\\/2021\\\/10\\\/logo_tip-top@x2.png\",\"contentUrl\":\"https:\\\/\\\/tiptopeurope.com\\\/wp-content\\\/uploads\\\/2021\\\/10\\\/logo_tip-top@x2.png\",\"width\":226,\"height\":140,\"caption\":\"TipTop Europe\"},\"image\":{\"@id\":\"https:\\\/\\\/tiptopeurope.com\\\/de\\\/#\\\/schema\\\/logo\\\/image\\\/\"}}]}<\/script>\n<!-- \/ Yoast SEO plugin. -->","yoast_head_json":{"title":"Optionen und Einrichtungen - TipTop Europe","description":"Hier finden Sie die verschiedenen Optionen und Einrichtungen f\u00fcr Ihren TipTop Mini-Wohnwagen. Dachzelt, Markise, Luftfederung...","robots":{"index":"index","follow":"follow","max-snippet":"max-snippet:-1","max-image-preview":"max-image-preview:large","max-video-preview":"max-video-preview:-1"},"canonical":"https:\/\/tiptopeurope.com\/de\/optionen-und-einrichtungen\/","og_locale":"de_DE","og_type":"article","og_title":"Optionen und Einrichtungen - TipTop Europe","og_description":"Hier finden Sie die verschiedenen Optionen und Einrichtungen f\u00fcr Ihren TipTop Mini-Wohnwagen. Dachzelt, Markise, Luftfederung...","og_url":"https:\/\/tiptopeurope.com\/de\/optionen-und-einrichtungen\/","og_site_name":"TipTop Europe","article_modified_time":"2023-04-04T08:05:06+00:00","og_image":[{"url":"https:\/\/tiptopeurope.com\/wp-content\/uploads\/2022\/06\/Tente-de-toit.png","type":"","width":"","height":""}],"twitter_card":"summary_large_image","twitter_misc":{"Gesch\u00e4tzte Lesezeit":"2\u00a0Minuten"},"schema":{"@context":"https:\/\/schema.org","@graph":[{"@type":"WebPage","@id":"https:\/\/tiptopeurope.com\/de\/optionen-und-einrichtungen\/","url":"https:\/\/tiptopeurope.com\/de\/optionen-und-einrichtungen\/","name":"Optionen und Einrichtungen - TipTop Europe","isPartOf":{"@id":"https:\/\/tiptopeurope.com\/de\/#website"},"primaryImageOfPage":{"@id":"https:\/\/tiptopeurope.com\/de\/optionen-und-einrichtungen\/#primaryimage"},"image":{"@id":"https:\/\/tiptopeurope.com\/de\/optionen-und-einrichtungen\/#primaryimage"},"thumbnailUrl":"https:\/\/tiptopeurope.com\/wp-content\/uploads\/2022\/06\/Tente-de-toit.png","datePublished":"2023-03-14T14:02:15+00:00","dateModified":"2023-04-04T08:05:06+00:00","description":"Hier finden Sie die verschiedenen Optionen und Einrichtungen f\u00fcr Ihren TipTop Mini-Wohnwagen. Dachzelt, Markise, Luftfederung...","breadcrumb":{"@id":"https:\/\/tiptopeurope.com\/de\/optionen-und-einrichtungen\/#breadcrumb"},"inLanguage":"de","potentialAction":[{"@type":"ReadAction","target":["https:\/\/tiptopeurope.com\/de\/optionen-und-einrichtungen\/"]}]},{"@type":"ImageObject","inLanguage":"de","@id":"https:\/\/tiptopeurope.com\/de\/optionen-und-einrichtungen\/#primaryimage","url":"https:\/\/tiptopeurope.com\/wp-content\/uploads\/2022\/06\/Tente-de-toit.png","contentUrl":"https:\/\/tiptopeurope.com\/wp-content\/uploads\/2022\/06\/Tente-de-toit.png"},{"@type":"BreadcrumbList","@id":"https:\/\/tiptopeurope.com\/de\/optionen-und-einrichtungen\/#breadcrumb","itemListElement":[{"@type":"ListItem","position":1,"name":"Accueil","item":"https:\/\/tiptopeurope.com\/de\/"},{"@type":"ListItem","position":2,"name":"Optionen und Einrichtungen"}]},{"@type":"WebSite","@id":"https:\/\/tiptopeurope.com\/de\/#website","url":"https:\/\/tiptopeurope.com\/de\/","name":"TipTop Europe","description":"Voyagez avec tout ce qui compte vraiment","publisher":{"@id":"https:\/\/tiptopeurope.com\/de\/#organization"},"potentialAction":[{"@type":"SearchAction","target":{"@type":"EntryPoint","urlTemplate":"https:\/\/tiptopeurope.com\/de\/?s={search_term_string}"},"query-input":{"@type":"PropertyValueSpecification","valueRequired":true,"valueName":"search_term_string"}}],"inLanguage":"de"},{"@type":"Organization","@id":"https:\/\/tiptopeurope.com\/de\/#organization","name":"TipTop Europe","url":"https:\/\/tiptopeurope.com\/de\/","logo":{"@type":"ImageObject","inLanguage":"de","@id":"https:\/\/tiptopeurope.com\/de\/#\/schema\/logo\/image\/","url":"https:\/\/tiptopeurope.com\/wp-content\/uploads\/2021\/10\/logo_tip-top@x2.png","contentUrl":"https:\/\/tiptopeurope.com\/wp-content\/uploads\/2021\/10\/logo_tip-top@x2.png","width":226,"height":140,"caption":"TipTop Europe"},"image":{"@id":"https:\/\/tiptopeurope.com\/de\/#\/schema\/logo\/image\/"}}]}},"_links":{"self":[{"href":"https:\/\/tiptopeurope.com\/de\/wp-json\/wp\/v2\/pages\/3304","targetHints":{"allow":["GET"]}}],"collection":[{"href":"https:\/\/tiptopeurope.com\/de\/wp-json\/wp\/v2\/pages"}],"about":[{"href":"https:\/\/tiptopeurope.com\/de\/wp-json\/wp\/v2\/types\/page"}],"author":[{"embeddable":true,"href":"https:\/\/tiptopeurope.com\/de\/wp-json\/wp\/v2\/users\/3"}],"replies":[{"embeddable":true,"href":"https:\/\/tiptopeurope.com\/de\/wp-json\/wp\/v2\/comments?post=3304"}],"version-history":[{"count":3,"href":"https:\/\/tiptopeurope.com\/de\/wp-json\/wp\/v2\/pages\/3304\/revisions"}],"predecessor-version":[{"id":3370,"href":"https:\/\/tiptopeurope.com\/de\/wp-json\/wp\/v2\/pages\/3304\/revisions\/3370"}],"wp:attachment":[{"href":"https:\/\/tiptopeurope.com\/de\/wp-json\/wp\/v2\/media?parent=3304"}],"curies":[{"name":"wp","href":"https:\/\/api.w.org\/{rel}","templated":true}]}}