{"id":3240,"date":"2023-02-22T14:11:20","date_gmt":"2023-02-22T13:11:20","guid":{"rendered":"https:\/\/tiptopeurope.com\/wer-wir-sind\/"},"modified":"2023-04-06T11:09:26","modified_gmt":"2023-04-06T09:09:26","slug":"wer-wir-sind","status":"publish","type":"page","link":"https:\/\/tiptopeurope.com\/de\/wer-wir-sind\/","title":{"rendered":"Wer wir sind ?"},"content":{"rendered":"\n<div class=\"wp-block-columns is-layout-flex wp-container-core-columns-is-layout-9d6595d7 wp-block-columns-is-layout-flex\">\n<div class=\"wp-block-column is-layout-flow wp-block-column-is-layout-flow\" style=\"flex-basis:100%\">\n<div class=\"wp-block-columns is-layout-flex wp-container-core-columns-is-layout-9d6595d7 wp-block-columns-is-layout-flex\">\n<div class=\"wp-block-column is-layout-flow wp-block-column-is-layout-flow\" style=\"flex-basis:100%\">\n<div class=\"wp-block-columns is-layout-flex wp-container-core-columns-is-layout-9d6595d7 wp-block-columns-is-layout-flex\">\n<div class=\"wp-block-column is-layout-flow wp-block-column-is-layout-flow\" style=\"flex-basis:100%\">\n<h6 class=\"has-text-align-center wp-block-heading\">TipTop, der f\u00fchrende franz\u00f6sische Teardrop-Hersteller, entwirft und baut seine Mini-Caravans<\/h6>\n\n\n\n<h6 class=\"has-text-align-center wp-block-heading\">um die Menschen wieder mit dem zu verbinden, was f\u00fcr sie wichtig ist, um voranzukommen, was ihnen wirklich wichtig ist.<\/h6>\n<\/div>\n<\/div>\n<\/div>\n<\/div>\n<\/div>\n<\/div>\n<\/p>\n\n<div class=\"wp-block-columns is-layout-flex wp-container-core-columns-is-layout-9d6595d7 wp-block-columns-is-layout-flex\">\n<div class=\"wp-block-column is-layout-flow wp-block-column-is-layout-flow\">\n<h2 class=\"has-text-align-right wp-block-heading\"><strong>Unsere Aufgabe<\/strong><\/h2>\n\n\n\n<p class=\"has-text-align-left\"><em>10 Jahre Erfahrung und der feste Wille, ein hochwertiges Produkt anzubieten.<\/em><\/p>\n\n\n\n<p class=\"has-text-align-left\">TipTop ist eine Reihe von Mini-Caravans, die in Frankreich entwickelt wurden, mit all der Zeit und dem Fachwissen, die notwendig sind, damit Sie  Ihrem Alltag entfliehen k\u00f6nnen, mit optimiertem Design und Komfort.<\/p>\n<\/div>\n\n\n\n<div class=\"wp-block-column is-layout-flow wp-block-column-is-layout-flow\"><div class=\"wp-block-image\">\n<figure class=\"alignleft size-large\"><img loading=\"lazy\" decoding=\"async\" width=\"1024\" height=\"569\" src=\"https:\/\/tiptopeurope.com\/wp-content\/uploads\/2021\/10\/Capture-decran-2022-10-29-223645-1024x569.jpg\" alt=\"\" class=\"wp-image-2302\" srcset=\"https:\/\/tiptopeurope.com\/wp-content\/uploads\/2021\/10\/Capture-decran-2022-10-29-223645-1024x569.jpg 1024w, https:\/\/tiptopeurope.com\/wp-content\/uploads\/2021\/10\/Capture-decran-2022-10-29-223645-300x167.jpg 300w, https:\/\/tiptopeurope.com\/wp-content\/uploads\/2021\/10\/Capture-decran-2022-10-29-223645-768x427.jpg 768w, https:\/\/tiptopeurope.com\/wp-content\/uploads\/2021\/10\/Capture-decran-2022-10-29-223645-1536x854.jpg 1536w, https:\/\/tiptopeurope.com\/wp-content\/uploads\/2021\/10\/Capture-decran-2022-10-29-223645.jpg 1696w\" sizes=\"auto, (max-width: 1024px) 100vw, 1024px\" \/><\/figure><\/div><\/div>\n<\/div>\n\n<hr class=\"wp-block-separator has-alpha-channel-opacity is-style-wide\" \/>\n\n<div class=\"wp-block-columns is-layout-flex wp-container-core-columns-is-layout-9d6595d7 wp-block-columns-is-layout-flex\">\n<div class=\"wp-block-column is-vertically-aligned-center is-layout-flow wp-block-column-is-layout-flow\"><div class=\"wp-block-image\">\n<figure class=\"alignright size-large\"><img loading=\"lazy\" decoding=\"async\" width=\"1024\" height=\"617\" src=\"https:\/\/tiptopeurope.com\/wp-content\/uploads\/2022\/10\/Capture-decran-2022-10-29-224442-1024x617.jpg\" alt=\"\" class=\"wp-image-2311\" srcset=\"https:\/\/tiptopeurope.com\/wp-content\/uploads\/2022\/10\/Capture-decran-2022-10-29-224442-1024x617.jpg 1024w, https:\/\/tiptopeurope.com\/wp-content\/uploads\/2022\/10\/Capture-decran-2022-10-29-224442-300x181.jpg 300w, https:\/\/tiptopeurope.com\/wp-content\/uploads\/2022\/10\/Capture-decran-2022-10-29-224442-768x463.jpg 768w, https:\/\/tiptopeurope.com\/wp-content\/uploads\/2022\/10\/Capture-decran-2022-10-29-224442-1536x925.jpg 1536w, https:\/\/tiptopeurope.com\/wp-content\/uploads\/2022\/10\/Capture-decran-2022-10-29-224442.jpg 1572w\" sizes=\"auto, (max-width: 1024px) 100vw, 1024px\" \/><\/figure><\/div><\/div>\n\n\n\n<div class=\"wp-block-column is-vertically-aligned-center is-layout-flow wp-block-column-is-layout-flow\">\n<h2 class=\"wp-block-heading\"><strong>Unsere Werte<\/strong><\/h2>\n\n\n\n<h6><em>TipTop erfindet das verantwortungsvolle Leben im Freien neu.<\/em><\/h6>\r\n<p>Wir sind Teil der Suche nach nachhaltigem Gl\u00fcck, das auf Naturverbundenheit und authentischen Beziehungen beruht.<\/p>\r\n\n\n\n<h6><em>Einzigartige Erlebnisse und Produkte.<\/em><\/h6>\r\n<p>Wir bieten ein erstklassiges Produkt an, um allen Liebhabern des Nomadentourismus, die auf der Suche nach Sinn und Freiheit sind, einzigartige Erfahrungen zu erm\u00f6glichen.<\/p>\r\n\n\n\n<h6><em>Sich Zeit nehmen. <\/em><\/h6>\r\n<p>Sich Zeit zu nehmen, um nicht in Eile zu sein, ist ein Wunsch, den wir mit einer ganzen Gemeinschaft teilen. Unser Ziel ist es, jedem zu erm\u00f6glichen, sich auf das Wesentliche zu konzentrieren und weiterzukommen.<\/p>\r\n<\/div>\n<\/div>\n\n<hr class=\"wp-block-separator has-alpha-channel-opacity is-style-wide\" \/>\n\n<div class=\"wp-block-columns is-layout-flex wp-container-core-columns-is-layout-9d6595d7 wp-block-columns-is-layout-flex\">\n<div class=\"wp-block-column is-vertically-aligned-center is-layout-flow wp-block-column-is-layout-flow\">\n<h2 class=\"has-text-align-right wp-block-heading\"><strong>Unsere Geschichte<\/strong><\/h2>\n\n\n\n<p class=\"p1\" style=\"text-align: center\"><i>TipTop wurde vor 10 Jahren gegr\u00fcndet. <\/i><\/p>\r\n<p class=\"p2\" style=\"text-align: left\">Sein Sch\u00f6pfer, Alain Sauvager, entdeckte die Teardrops w\u00e4hrend einer Reise nach Kalifornien. Er war fasziniert von ihrer \u00c4sthetik, die sich von der der traditionellen Wohnwagen abhob.<\/p>\r\n<p class=\"p2\">Seine Intuition brachte ihn dazu, das Konzept nach Frankreich zu exportieren, da er von dem vielversprechenden Potenzial dieses zeitgem\u00e4\u00dfen Fahrzeugs \u00fcberzeugt war.<\/p>\r\n<\/div>\n\n\n\n<div class=\"wp-block-column is-vertically-aligned-center is-layout-flow wp-block-column-is-layout-flow\"><div class=\"wp-block-image\">\n<figure class=\"alignleft size-full\"><img loading=\"lazy\" decoding=\"async\" width=\"388\" height=\"266\" src=\"https:\/\/tiptopeurope.com\/wp-content\/uploads\/2022\/09\/Image-3.png\" alt=\"\" class=\"wp-image-2138\" srcset=\"https:\/\/tiptopeurope.com\/wp-content\/uploads\/2022\/09\/Image-3.png 388w, https:\/\/tiptopeurope.com\/wp-content\/uploads\/2022\/09\/Image-3-300x206.png 300w\" sizes=\"auto, (max-width: 388px) 100vw, 388px\" \/><\/figure><\/div><\/div>\n<\/div>\n\n<hr class=\"wp-block-separator has-alpha-channel-opacity\" \/>\n\n<div class=\"wp-block-columns is-layout-flex wp-container-core-columns-is-layout-9d6595d7 wp-block-columns-is-layout-flex\">\n<div class=\"wp-block-column is-vertically-aligned-center is-layout-flow wp-block-column-is-layout-flow\"><div class=\"wp-block-image\">\n<figure class=\"alignright size-full\"><img loading=\"lazy\" decoding=\"async\" width=\"388\" height=\"266\" src=\"https:\/\/tiptopeurope.com\/wp-content\/uploads\/2022\/09\/Image-4.png\" alt=\"\" class=\"wp-image-2140\" srcset=\"https:\/\/tiptopeurope.com\/wp-content\/uploads\/2022\/09\/Image-4.png 388w, https:\/\/tiptopeurope.com\/wp-content\/uploads\/2022\/09\/Image-4-300x206.png 300w\" sizes=\"auto, (max-width: 388px) 100vw, 388px\" \/><\/figure><\/div><\/div>\n\n\n\n<div class=\"wp-block-column is-vertically-aligned-center is-layout-flow wp-block-column-is-layout-flow\">\n<p><em>Das TipTop-Abenteuer begann 2014\/em&gt;<\/em><\/p>\n\n\n\n<p>Das Unternehmen startet auf der Messe f\u00fcr Freizeitfahrzeuge in einem franz\u00f6sischen Markt, der noch nicht erschlossen ist. <\/p>\n\n\n\n<p>TipTop ist der Vorreiter eines neuen Trends im Bereich der Freizeitfahrzeuge: kleiner, leichter, kompakter, attraktiver und vor allem viel mehr Outdoor!<\/p>\n<\/div>\n<\/div>\n\n<hr class=\"wp-block-separator has-alpha-channel-opacity is-style-default\" \/>\n\n<div class=\"wp-block-columns is-layout-flex wp-container-core-columns-is-layout-9d6595d7 wp-block-columns-is-layout-flex\">\n<div class=\"wp-block-column is-vertically-aligned-center is-layout-flow wp-block-column-is-layout-flow\">\n<p class=\"has-text-align-left\"><strong><em>2018 bringt TipTop den TY NID TOP auf den Markt<\/em><\/strong>, ein wirtschaftliches Mietmodell, das zusammen mit einem spanischen Partner entwickelt wurde.<\/p>\n\n\n\n<p class=\"has-text-align-left\">Der Zeitraum ist g\u00fcnstig f\u00fcr die Entwicklung eines neuen Gesch\u00e4ftsmodells der franz\u00f6sischen Spitzenproduktion, das zwei Jahre sp\u00e4ter das Licht der Welt erblicken w\u00fcrde. <\/p>\n<\/div>\n\n\n\n<div class=\"wp-block-column is-vertically-aligned-center is-layout-flow wp-block-column-is-layout-flow\"><div class=\"wp-block-image\">\n<figure class=\"alignleft size-full\"><img loading=\"lazy\" decoding=\"async\" width=\"388\" height=\"266\" src=\"https:\/\/tiptopeurope.com\/wp-content\/uploads\/2022\/09\/Image-5.png\" alt=\"\" class=\"wp-image-2142\" srcset=\"https:\/\/tiptopeurope.com\/wp-content\/uploads\/2022\/09\/Image-5.png 388w, https:\/\/tiptopeurope.com\/wp-content\/uploads\/2022\/09\/Image-5-300x206.png 300w\" sizes=\"auto, (max-width: 388px) 100vw, 388px\" \/><\/figure><\/div><\/div>\n<\/div>\n\n<hr class=\"wp-block-separator has-alpha-channel-opacity is-style-default\" \/>\n\n<div class=\"wp-block-columns is-layout-flex wp-container-core-columns-is-layout-9d6595d7 wp-block-columns-is-layout-flex\">\n<div class=\"wp-block-column is-vertically-aligned-center is-layout-flow wp-block-column-is-layout-flow\"><div class=\"wp-block-image\">\n<figure class=\"alignright size-full\"><img loading=\"lazy\" decoding=\"async\" width=\"388\" height=\"266\" src=\"https:\/\/tiptopeurope.com\/wp-content\/uploads\/2022\/09\/Image-6-1.png\" alt=\"\" class=\"wp-image-2148\" srcset=\"https:\/\/tiptopeurope.com\/wp-content\/uploads\/2022\/09\/Image-6-1.png 388w, https:\/\/tiptopeurope.com\/wp-content\/uploads\/2022\/09\/Image-6-1-300x206.png 300w\" sizes=\"auto, (max-width: 388px) 100vw, 388px\" \/><\/figure><\/div><\/div>\n\n\n\n<div class=\"wp-block-column is-vertically-aligned-center is-layout-flow wp-block-column-is-layout-flow\">\n<p><strong>2020 war der Wendepunkt f\u00fcr TipTop Europe.<\/strong><\/p>\n\n\n\n<p>Das Unternehmen wird von neuen individuellen Bestrebungen angetrieben, die aus dem Freiheitsdrang geboren werden: der Sehnsucht nach Freiheit und der Flucht aus dem Alltagstrott.<\/p>\n\n\n\n<p>Im selben Jahr kam es zu einem Treffen mit Christophe Camaret, dem Direktor von Chastagner. Dies war der Beginn einer Partnerschaft, mit der die Idee eines Produkts, das auf der Grundlage neuer Ambitionen und neuer Mittel neu definiert wurde und, Gestalt annahm.<\/p>\n\n\n\n<p><strong>Der H\u00f6hepunkt unseres neuen Premiumangebots wird 2022 erreicht sein.<\/strong><\/p>\n<\/div>\n<\/div>\n\n<hr class=\"wp-block-separator has-alpha-channel-opacity is-style-wide\" \/>\n\n<h2 class=\"has-text-align-center wp-block-heading\"><strong>Ein leidenschaftliches und engagiertes Team<\/strong><\/h2>\n\n<div class=\"wp-block-columns is-layout-flex wp-container-core-columns-is-layout-9d6595d7 wp-block-columns-is-layout-flex\">\n<div class=\"wp-block-column is-layout-flow wp-block-column-is-layout-flow\" style=\"flex-basis:100%\">\n<p class=\"has-text-align-center\">Wir bei TipTop sind in der gl\u00fccklichen Lage, ein dynamisches und professionelles Team an unserer Seite zu haben, das sein Bestes gibt, um die Qualit\u00e4t unserer Produkte und unserer Dienstleistungen zu verbessern.<\/p>\n<\/div>\n<\/div>\n\n<div class=\"wp-block-columns is-layout-flex wp-container-core-columns-is-layout-9d6595d7 wp-block-columns-is-layout-flex\">\n<div class=\"wp-block-column is-layout-flow wp-block-column-is-layout-flow\"><\/div>\n<\/div>\n\n<div class=\"wp-block-columns is-layout-flex wp-container-core-columns-is-layout-9d6595d7 wp-block-columns-is-layout-flex\">\n<div class=\"wp-block-column is-layout-flow wp-block-column-is-layout-flow\"><\/div>\n<\/div>\n\n<div class=\"wp-block-columns is-layout-flex wp-container-core-columns-is-layout-9d6595d7 wp-block-columns-is-layout-flex\">\n<div class=\"wp-block-column is-vertically-aligned-center is-layout-flow wp-block-column-is-layout-flow\">\n<div class=\"wp-block-columns is-layout-flex wp-container-core-columns-is-layout-9d6595d7 wp-block-columns-is-layout-flex\">\n<div class=\"wp-block-column is-vertically-aligned-center is-layout-flow wp-block-column-is-layout-flow\">\n<h3 class=\"has-text-align-left wp-block-heading\"><strong>Urspr\u00fcnglich ein Mann mit einer Leidenschaft f\u00fcr Design<\/strong><\/h3>\n\n\n\n<h5 class=\"has-text-align-center wp-block-heading\"><em>Alain Sauvager, Gr\u00fcnder von TipTop.<\/em><\/h5>\n\n\n\n<p class=\"has-text-align-left\">Er gilt als Vision\u00e4r, der bei der Gestaltung neuer Produkte immer einen Schritt voraus ist und die Gestaltung so anpasst, dass sie die Benutzer vollkommen zufriedenstellt. <\/p>\n\n\n\n<p class=\"has-text-align-left\">Mit TipTop verbindet er seine Leidenschaft f\u00fcr die Natur mit seinem Sinn f\u00fcr \u00c4sthetik, um ein sch\u00f6nes Objekt zu schaffen, das den Erwartungen an ein Luxusauto nahe kommt.<\/p>\n<\/div>\n\n\n\n<div class=\"wp-block-column is-layout-flow wp-block-column-is-layout-flow\"><div class=\"wp-block-image\">\n<figure class=\"alignleft size-full\"><img loading=\"lazy\" decoding=\"async\" width=\"317\" height=\"317\" src=\"https:\/\/tiptopeurope.com\/wp-content\/uploads\/2022\/01\/Alain-OK-1.jpg\" alt=\"\" class=\"wp-image-322\" srcset=\"https:\/\/tiptopeurope.com\/wp-content\/uploads\/2022\/01\/Alain-OK-1.jpg 317w, https:\/\/tiptopeurope.com\/wp-content\/uploads\/2022\/01\/Alain-OK-1-300x300.jpg 300w, https:\/\/tiptopeurope.com\/wp-content\/uploads\/2022\/01\/Alain-OK-1-150x150.jpg 150w\" sizes=\"auto, (max-width: 317px) 100vw, 317px\" \/><\/figure><\/div><\/div>\n<\/div>\n<\/div>\n<\/div>\n\n<h2 class=\"wp-block-heading\"><\/h2>\n","protected":false},"excerpt":{"rendered":"<p>TipTop, der f\u00fchrende franz\u00f6sische Teardrop-Hersteller, entwirft und baut seine Mini-Caravans um die Menschen wieder mit dem zu verbinden, was f\u00fcr sie wichtig ist, um voranzukommen, was ihnen wirklich wichtig ist. Unsere Aufgabe 10 Jahre Erfahrung und der feste Wille, ein hochwertiges Produkt anzubieten. TipTop ist eine Reihe von Mini-Caravans, die in Frankreich entwickelt wurden, mit [&hellip;]<\/p>\n","protected":false},"author":1,"featured_media":0,"parent":0,"menu_order":50,"comment_status":"closed","ping_status":"closed","template":"","meta":{"_acf_changed":false,"footnotes":""},"class_list":["post-3240","page","type-page","status-publish","hentry"],"acf":[],"yoast_head":"<!-- This site is optimized with the Yoast SEO plugin v27.3 - https:\/\/yoast.com\/product\/yoast-seo-wordpress\/ -->\n<title>Wer wir sind ? - TipTop Europe<\/title>\n<meta name=\"description\" content=\"TipTop ist ein Wunsch, der mit einer ganzen Gemeinschaft geteilt wird: der Wunsch, sich Zeit zu nehmen, um die Dinge richtig zu machen, und nicht mehr unter der Dringlichkeit zu leiden.\" \/>\n<meta name=\"robots\" content=\"index, follow, max-snippet:-1, max-image-preview:large, max-video-preview:-1\" \/>\n<link rel=\"canonical\" href=\"https:\/\/tiptopeurope.com\/de\/wer-wir-sind\/\" \/>\n<meta property=\"og:locale\" content=\"de_DE\" \/>\n<meta property=\"og:type\" content=\"article\" \/>\n<meta property=\"og:title\" content=\"Wer wir sind ? - TipTop Europe\" \/>\n<meta property=\"og:description\" content=\"TipTop ist ein Wunsch, der mit einer ganzen Gemeinschaft geteilt wird: der Wunsch, sich Zeit zu nehmen, um die Dinge richtig zu machen, und nicht mehr unter der Dringlichkeit zu leiden.\" \/>\n<meta property=\"og:url\" content=\"https:\/\/tiptopeurope.com\/de\/wer-wir-sind\/\" \/>\n<meta property=\"og:site_name\" content=\"TipTop Europe\" \/>\n<meta property=\"article:modified_time\" content=\"2023-04-06T09:09:26+00:00\" \/>\n<meta property=\"og:image\" content=\"https:\/\/tiptopeurope.com\/wp-content\/uploads\/2021\/10\/Capture-decran-2022-10-29-223645-1024x569.jpg\" \/>\n<meta name=\"twitter:card\" content=\"summary_large_image\" \/>\n<meta name=\"twitter:label1\" content=\"Gesch\u00e4tzte Lesezeit\" \/>\n\t<meta name=\"twitter:data1\" content=\"3\u00a0Minuten\" \/>\n<script type=\"application\/ld+json\" class=\"yoast-schema-graph\">{\"@context\":\"https:\\\/\\\/schema.org\",\"@graph\":[{\"@type\":\"WebPage\",\"@id\":\"https:\\\/\\\/tiptopeurope.com\\\/de\\\/wer-wir-sind\\\/\",\"url\":\"https:\\\/\\\/tiptopeurope.com\\\/de\\\/wer-wir-sind\\\/\",\"name\":\"Wer wir sind ? - TipTop Europe\",\"isPartOf\":{\"@id\":\"https:\\\/\\\/tiptopeurope.com\\\/de\\\/#website\"},\"primaryImageOfPage\":{\"@id\":\"https:\\\/\\\/tiptopeurope.com\\\/de\\\/wer-wir-sind\\\/#primaryimage\"},\"image\":{\"@id\":\"https:\\\/\\\/tiptopeurope.com\\\/de\\\/wer-wir-sind\\\/#primaryimage\"},\"thumbnailUrl\":\"https:\\\/\\\/tiptopeurope.com\\\/wp-content\\\/uploads\\\/2021\\\/10\\\/Capture-decran-2022-10-29-223645-1024x569.jpg\",\"datePublished\":\"2023-02-22T13:11:20+00:00\",\"dateModified\":\"2023-04-06T09:09:26+00:00\",\"description\":\"TipTop ist ein Wunsch, der mit einer ganzen Gemeinschaft geteilt wird: der Wunsch, sich Zeit zu nehmen, um die Dinge richtig zu machen, und nicht mehr unter der Dringlichkeit zu leiden.\",\"breadcrumb\":{\"@id\":\"https:\\\/\\\/tiptopeurope.com\\\/de\\\/wer-wir-sind\\\/#breadcrumb\"},\"inLanguage\":\"de\",\"potentialAction\":[{\"@type\":\"ReadAction\",\"target\":[\"https:\\\/\\\/tiptopeurope.com\\\/de\\\/wer-wir-sind\\\/\"]}]},{\"@type\":\"ImageObject\",\"inLanguage\":\"de\",\"@id\":\"https:\\\/\\\/tiptopeurope.com\\\/de\\\/wer-wir-sind\\\/#primaryimage\",\"url\":\"https:\\\/\\\/tiptopeurope.com\\\/wp-content\\\/uploads\\\/2021\\\/10\\\/Capture-decran-2022-10-29-223645-1024x569.jpg\",\"contentUrl\":\"https:\\\/\\\/tiptopeurope.com\\\/wp-content\\\/uploads\\\/2021\\\/10\\\/Capture-decran-2022-10-29-223645-1024x569.jpg\"},{\"@type\":\"BreadcrumbList\",\"@id\":\"https:\\\/\\\/tiptopeurope.com\\\/de\\\/wer-wir-sind\\\/#breadcrumb\",\"itemListElement\":[{\"@type\":\"ListItem\",\"position\":1,\"name\":\"Accueil\",\"item\":\"https:\\\/\\\/tiptopeurope.com\\\/de\\\/\"},{\"@type\":\"ListItem\",\"position\":2,\"name\":\"Wer wir sind ?\"}]},{\"@type\":\"WebSite\",\"@id\":\"https:\\\/\\\/tiptopeurope.com\\\/de\\\/#website\",\"url\":\"https:\\\/\\\/tiptopeurope.com\\\/de\\\/\",\"name\":\"TipTop Europe\",\"description\":\"Voyagez avec tout ce qui compte vraiment\",\"publisher\":{\"@id\":\"https:\\\/\\\/tiptopeurope.com\\\/de\\\/#organization\"},\"potentialAction\":[{\"@type\":\"SearchAction\",\"target\":{\"@type\":\"EntryPoint\",\"urlTemplate\":\"https:\\\/\\\/tiptopeurope.com\\\/de\\\/?s={search_term_string}\"},\"query-input\":{\"@type\":\"PropertyValueSpecification\",\"valueRequired\":true,\"valueName\":\"search_term_string\"}}],\"inLanguage\":\"de\"},{\"@type\":\"Organization\",\"@id\":\"https:\\\/\\\/tiptopeurope.com\\\/de\\\/#organization\",\"name\":\"TipTop Europe\",\"url\":\"https:\\\/\\\/tiptopeurope.com\\\/de\\\/\",\"logo\":{\"@type\":\"ImageObject\",\"inLanguage\":\"de\",\"@id\":\"https:\\\/\\\/tiptopeurope.com\\\/de\\\/#\\\/schema\\\/logo\\\/image\\\/\",\"url\":\"https:\\\/\\\/tiptopeurope.com\\\/wp-content\\\/uploads\\\/2021\\\/10\\\/logo_tip-top@x2.png\",\"contentUrl\":\"https:\\\/\\\/tiptopeurope.com\\\/wp-content\\\/uploads\\\/2021\\\/10\\\/logo_tip-top@x2.png\",\"width\":226,\"height\":140,\"caption\":\"TipTop Europe\"},\"image\":{\"@id\":\"https:\\\/\\\/tiptopeurope.com\\\/de\\\/#\\\/schema\\\/logo\\\/image\\\/\"}}]}<\/script>\n<!-- \/ Yoast SEO plugin. -->","yoast_head_json":{"title":"Wer wir sind ? - TipTop Europe","description":"TipTop ist ein Wunsch, der mit einer ganzen Gemeinschaft geteilt wird: der Wunsch, sich Zeit zu nehmen, um die Dinge richtig zu machen, und nicht mehr unter der Dringlichkeit zu leiden.","robots":{"index":"index","follow":"follow","max-snippet":"max-snippet:-1","max-image-preview":"max-image-preview:large","max-video-preview":"max-video-preview:-1"},"canonical":"https:\/\/tiptopeurope.com\/de\/wer-wir-sind\/","og_locale":"de_DE","og_type":"article","og_title":"Wer wir sind ? - TipTop Europe","og_description":"TipTop ist ein Wunsch, der mit einer ganzen Gemeinschaft geteilt wird: der Wunsch, sich Zeit zu nehmen, um die Dinge richtig zu machen, und nicht mehr unter der Dringlichkeit zu leiden.","og_url":"https:\/\/tiptopeurope.com\/de\/wer-wir-sind\/","og_site_name":"TipTop Europe","article_modified_time":"2023-04-06T09:09:26+00:00","og_image":[{"url":"https:\/\/tiptopeurope.com\/wp-content\/uploads\/2021\/10\/Capture-decran-2022-10-29-223645-1024x569.jpg","type":"","width":"","height":""}],"twitter_card":"summary_large_image","twitter_misc":{"Gesch\u00e4tzte Lesezeit":"3\u00a0Minuten"},"schema":{"@context":"https:\/\/schema.org","@graph":[{"@type":"WebPage","@id":"https:\/\/tiptopeurope.com\/de\/wer-wir-sind\/","url":"https:\/\/tiptopeurope.com\/de\/wer-wir-sind\/","name":"Wer wir sind ? - TipTop Europe","isPartOf":{"@id":"https:\/\/tiptopeurope.com\/de\/#website"},"primaryImageOfPage":{"@id":"https:\/\/tiptopeurope.com\/de\/wer-wir-sind\/#primaryimage"},"image":{"@id":"https:\/\/tiptopeurope.com\/de\/wer-wir-sind\/#primaryimage"},"thumbnailUrl":"https:\/\/tiptopeurope.com\/wp-content\/uploads\/2021\/10\/Capture-decran-2022-10-29-223645-1024x569.jpg","datePublished":"2023-02-22T13:11:20+00:00","dateModified":"2023-04-06T09:09:26+00:00","description":"TipTop ist ein Wunsch, der mit einer ganzen Gemeinschaft geteilt wird: der Wunsch, sich Zeit zu nehmen, um die Dinge richtig zu machen, und nicht mehr unter der Dringlichkeit zu leiden.","breadcrumb":{"@id":"https:\/\/tiptopeurope.com\/de\/wer-wir-sind\/#breadcrumb"},"inLanguage":"de","potentialAction":[{"@type":"ReadAction","target":["https:\/\/tiptopeurope.com\/de\/wer-wir-sind\/"]}]},{"@type":"ImageObject","inLanguage":"de","@id":"https:\/\/tiptopeurope.com\/de\/wer-wir-sind\/#primaryimage","url":"https:\/\/tiptopeurope.com\/wp-content\/uploads\/2021\/10\/Capture-decran-2022-10-29-223645-1024x569.jpg","contentUrl":"https:\/\/tiptopeurope.com\/wp-content\/uploads\/2021\/10\/Capture-decran-2022-10-29-223645-1024x569.jpg"},{"@type":"BreadcrumbList","@id":"https:\/\/tiptopeurope.com\/de\/wer-wir-sind\/#breadcrumb","itemListElement":[{"@type":"ListItem","position":1,"name":"Accueil","item":"https:\/\/tiptopeurope.com\/de\/"},{"@type":"ListItem","position":2,"name":"Wer wir sind ?"}]},{"@type":"WebSite","@id":"https:\/\/tiptopeurope.com\/de\/#website","url":"https:\/\/tiptopeurope.com\/de\/","name":"TipTop Europe","description":"Voyagez avec tout ce qui compte vraiment","publisher":{"@id":"https:\/\/tiptopeurope.com\/de\/#organization"},"potentialAction":[{"@type":"SearchAction","target":{"@type":"EntryPoint","urlTemplate":"https:\/\/tiptopeurope.com\/de\/?s={search_term_string}"},"query-input":{"@type":"PropertyValueSpecification","valueRequired":true,"valueName":"search_term_string"}}],"inLanguage":"de"},{"@type":"Organization","@id":"https:\/\/tiptopeurope.com\/de\/#organization","name":"TipTop Europe","url":"https:\/\/tiptopeurope.com\/de\/","logo":{"@type":"ImageObject","inLanguage":"de","@id":"https:\/\/tiptopeurope.com\/de\/#\/schema\/logo\/image\/","url":"https:\/\/tiptopeurope.com\/wp-content\/uploads\/2021\/10\/logo_tip-top@x2.png","contentUrl":"https:\/\/tiptopeurope.com\/wp-content\/uploads\/2021\/10\/logo_tip-top@x2.png","width":226,"height":140,"caption":"TipTop Europe"},"image":{"@id":"https:\/\/tiptopeurope.com\/de\/#\/schema\/logo\/image\/"}}]}},"_links":{"self":[{"href":"https:\/\/tiptopeurope.com\/de\/wp-json\/wp\/v2\/pages\/3240","targetHints":{"allow":["GET"]}}],"collection":[{"href":"https:\/\/tiptopeurope.com\/de\/wp-json\/wp\/v2\/pages"}],"about":[{"href":"https:\/\/tiptopeurope.com\/de\/wp-json\/wp\/v2\/types\/page"}],"author":[{"embeddable":true,"href":"https:\/\/tiptopeurope.com\/de\/wp-json\/wp\/v2\/users\/1"}],"replies":[{"embeddable":true,"href":"https:\/\/tiptopeurope.com\/de\/wp-json\/wp\/v2\/comments?post=3240"}],"version-history":[{"count":5,"href":"https:\/\/tiptopeurope.com\/de\/wp-json\/wp\/v2\/pages\/3240\/revisions"}],"predecessor-version":[{"id":3385,"href":"https:\/\/tiptopeurope.com\/de\/wp-json\/wp\/v2\/pages\/3240\/revisions\/3385"}],"wp:attachment":[{"href":"https:\/\/tiptopeurope.com\/de\/wp-json\/wp\/v2\/media?parent=3240"}],"curies":[{"name":"wp","href":"https:\/\/api.w.org\/{rel}","templated":true}]}}